{"id":98,"date":"2015-11-12T18:40:17","date_gmt":"2015-11-12T18:40:17","guid":{"rendered":"http:\/\/www.vigilanterodoviario.com.br\/serie\/?page_id=98"},"modified":"2020-03-06T13:22:34","modified_gmt":"2020-03-06T13:22:34","slug":"sinopse-dos-episodios-recuperados","status":"publish","type":"page","link":"https:\/\/www.vigilanterodoviario.com.br\/retro\/episodios\/sinopse-dos-episodios-recuperados\/","title":{"rendered":"Sinopse dos Epis\u00f3dios Recuperados"},"content":{"rendered":"<p><strong>1. O Vigilante Rodovi\u00e1rio &#8211; Recruta, O (1961) \u2013 BR <\/strong><br \/>\n(Com Fausto Rocha e Renato Master)<br \/>\nUm novo grupo de recrutas chega ao quartel &#8211; dentre eles, Luiz, o mimado filho do comandante. A rebeldia do recruta, sua resist\u00eancia \u00e0s novas regras e as constantes fugas noturnas d\u00e3o muita dor de cabe\u00e7a ao Inspetor Carlos, designado pelo pai do rapaz para disciplin\u00e1-lo.<br \/>\nDura\u00e7\u00e3o: 19 min<\/p>\n<p><strong>2. O Vigilante Rodovi\u00e1rio &#8211; Diamante Gr\u00e3o Mongol (1961) &#8211; BR<\/strong><br \/>\nAs viaturas recebem o alerta do inspetor-chefe e logo s\u00e3o recrutadas para uma miss\u00e3o: um grupo de gangsteres acaba de desembarcar no Brasil trazendo uma valiosa pedra preciosa roubada na Holanda, o Diamante Gr\u00e3o Mongol. O Inspetor Carlos e os outros oficiais precisam, ent\u00e3o, sair \u00e0 ca\u00e7a dos ladr\u00f5es.<br \/>\nDura\u00e7\u00e3o: 18 min<\/p>\n<p><strong>3. O Vigilante Rodovi\u00e1rio &#8211; Aventuras do Tuca (1961) \u2013 BR<\/strong><br \/>\n(Com Milton Gon\u00e7alves)<br \/>\nTuca est\u00e1 trabalhando como guia da hist\u00f3rica Casa do Bandeirante. Quando um rev\u00f3lver antigo desaparece ap\u00f3s a visita de um estranho casal, o garoto ajuda o Inspetor Carlos a recuperar o objeto roubado e capturar os ladr\u00f5es de antiguidades, que deixaram um rastro de crimes por outras cidades.<br \/>\nDura\u00e7\u00e3o: 23 min<\/p>\n<p><strong>4. O Vigilante Rodovi\u00e1rio &#8211; Hist\u00f3ria do Lobo, A (1961) &#8211; BR<\/strong><br \/>\n(Com Nelson Turini)<br \/>\nO pequeno Tuca tenta, sem sucesso, treinar seu c\u00e3ozinho Gasolina. Para ajud\u00e1-lo, o Inspetor Carlos conta a hist\u00f3ria de Lobo, seu fiel companheiro, que encontrou ainda filhote. \u00c0 medida que o c\u00e3o crescia, era cada vez mais dif\u00edcil escond\u00ea-lo no quartel, onde n\u00e3o se permitia a presen\u00e7a de animais.<br \/>\nDura\u00e7\u00e3o: 18 min<\/p>\n<p><strong>5. O Vigilante Rodovi\u00e1rio &#8211; Elei\u00e7\u00e3o, A (1961) &#8211; BR<\/strong><br \/>\nO Vigilante Mauro sofre um acidente durante um treinamento e \u00e9 hospitalizado com intenso trauma emocional. Enquanto ele se restabelece, \u00e9 tempo de elei\u00e7\u00e3o para o gr\u00eamio do quartel. Dois candidatos ir\u00e3o se enfrentar nas urnas, e o grande embate ser\u00e1 entre o racioc\u00ednio de um e a valentia do outro.<br \/>\nDura\u00e7\u00e3o: 19 min<\/p>\n<p><strong>6. O Vigilante Rodovi\u00e1rio &#8211; Terras de Ningu\u00e9m (1961) \u2013 BR<\/strong><br \/>\n(Com Str\u00eanio Garcia)<br \/>\nEm suas folgas, o Inspetor Carlos sempre se refugia nos tranquilos campos de Santa Clara, onde seu Firmino vive com a filha. Agora, o lugar est\u00e1 amea\u00e7ado por grileiros, que pretendem apropriar-se ilegalmente das terras custe o que custar. Cabe ao vigilante impedir a a\u00e7\u00e3o dos criminosos.<br \/>\nDura\u00e7\u00e3o: 25 min<\/p>\n<p><strong>7. O Vigilante Rodovi\u00e1rio &#8211; Aventura em Ouro Preto (1961) \u2013 BR<\/strong><br \/>\n(Com Lola Brah)<br \/>\nUma ladra de arte e seu comparsa roubam uma tela de Portinari e pretendem, em sua pr\u00f3xima empreitada, furtar uma valiosa escultura de Aleijadinho em Ouro Preto (MG). Quando os criminosos cruzam o caminho do Inspetor Carlos, o vigilante ajuda a pol\u00edcia mineira a capturar o casal.<br \/>\nDura\u00e7\u00e3o: 23 min<\/p>\n<p><strong>8. O Vigilante Rodovi\u00e1rio &#8211; F\u00f3rmula do G\u00e1s, A (1961) \u2013 BR<\/strong><br \/>\n(Com Edgard Franco, Maria Cec\u00edlia Camargo, S\u00e9rgio Hingst )<br \/>\nO professor Rog\u00e9rio, em companhia de sua esposa e seu assistente, conclui a f\u00f3rmula de um g\u00e1s revolucion\u00e1rio. O auxiliar, no entanto, tem outros planos: matar os dois e se apresentar como respons\u00e1vel pela descoberta. O Inspetor Carlos precisa, ent\u00e3o, correr contra o tempo para impedir uma trag\u00e9dia.<br \/>\nDura\u00e7\u00e3o: 17 min<\/p>\n<p><strong>9. O Vigilante Rodovi\u00e1rio &#8211; Zuni, O Potrinho (1961) \u2013 BR<\/strong><br \/>\n(Com F\u00falvio Stefanini, Xand\u00f3 Batista e Lu\u00eds Guilherme como menino Zeca)<br \/>\nS\u00e9rgio tem d\u00edvidas de jogo e seu pai, dono de um haras, decide assumi-las. Entretanto, as m\u00e1s companhias do rapaz resolvem roubar o valioso Zuni, um potrinho muito querido pelo pequeno Zeca. Ap\u00f3s o roubo, os ladr\u00f5es precisam esconder o cavalo em outra cidade, mas encontram o vigilante pelo caminho.<br \/>\nDura\u00e7\u00e3o: 22 min<\/p>\n<p><strong>10. O Vigilante Rodovi\u00e1rio &#8211; Fugitivo, O (1961) &#8211; BR<\/strong><br \/>\n(Com Milton Ribeiro e M\u00e1rcia Cardeal)<br \/>\nO perigoso bandido Massacre &#8211; que acaba de escapar da pris\u00e3o &#8211; invade a casa em que a pequena Rita vive com seu av\u00f4 cego. As autoridades est\u00e3o em alerta para recapturar o fugitivo. Cabe ao Inspetor Carlos e seus colegas libertar os ref\u00e9ns e levar o criminoso de volta \u00e0 cadeia.<br \/>\nDura\u00e7\u00e3o: 20 min<\/p>\n<p><strong>11. O Vigilante Rodovi\u00e1rio &#8211; Mist\u00e9rio do Embu, O (1961) &#8211; BR<\/strong><br \/>\n<strong> (Com Guy Loup)<\/strong><br \/>\nO sobrinho-neto de Nh\u00e1 Tuca arquiteta, com a noiva e mais dois comparsas, um plano para roubar sua riqueza. O casal muda de ideia, mas o restante da quadrilha decide levar o assalto adiante custe o que custar. Apenas o Inspetor Carlos pode impedir que os bandidos tenham sucesso no crime.<br \/>\nDura\u00e7\u00e3o: 23 min<\/p>\n<p><strong>12. O Vigilante Rodovi\u00e1rio &#8211; P\u00e2nico no Ringue (1961) &#8211; BR<\/strong><br \/>\nUm talentoso boxeador vai precisar combater a arma\u00e7\u00e3o nas lutas em sua pr\u00f3xima disputa. Os bandidos, entretanto, sequestram seu irm\u00e3o para for\u00e7ar o pugilista a perder e benefici\u00e1-los em uma rede de apostas. O Vigilante precisa libertar o menino do cativeiro e chegar a tempo de impedir a fraude.<br \/>\nDura\u00e7\u00e3o: 20 min<\/p>\n<p><strong>13. O Vigilante Rodovi\u00e1rio &#8211; Pombo-correio, O (1961) \u2013 BR<\/strong><br \/>\n(Com M\u00e1rio Alimari)<br \/>\nOs criminosos Gancho, Lorde e Ferramenta escapam da pris\u00e3o e decidem invadir a casa de Carolina e Matias, um casal de idosos. Matias decide alertar o Inspetor Carlos usando um pombo-correio, mas um dos bandidos percebe o plano e p\u00f5e em risco a \u00fanica esperan\u00e7a dos ref\u00e9ns.<br \/>\nDura\u00e7\u00e3o: 19 min<\/p>\n<p><strong>14. O Vigilante Rodovi\u00e1rio &#8211; Homem do Realejo, O (1961) \u2013 BR<\/strong><br \/>\n(Com Am\u00e2ndio Silva Filho, Alcides Gerardi)<br \/>\nO homem do realejo descobre os planos de uma gangue, que pretende interceptar o carro-forte e roubar todo o dinheiro. Ele tenta alertar o banco e a pol\u00edcia, mas ningu\u00e9m acredita em sua hist\u00f3ria. Quando o assalto se concretiza, o homem se torna alvo dos bandidos e sua \u00fanica esperan\u00e7a \u00e9 o Vigilante.<br \/>\nDura\u00e7\u00e3o: 22 min<\/p>\n<p><strong>15. O Vigilante Rodovi\u00e1riob &#8211; Garimpo, O (1961) \u2013 BR<\/strong><br \/>\n(Com Edgard Franco, Gilberto Marques, Nestor Lima )<br \/>\nO Vigilante Carlos faz uma patrulha pela regi\u00e3o do garimpo e encontra um homem ferido. Depois de socorrido, este conta sua hist\u00f3ria e fala sobre seu trabalho de garimpeiro e dos dias que saiu de S\u00e3o Paulo a procura de diamantes. Agora, dois forasteiros chegaram em seu rancho cobi\u00e7ando as pedras.<br \/>\nDura\u00e7\u00e3o: 25 min<\/p>\n<p><strong>16. O Vigilante Rodovi\u00e1rio &#8211; Mapa Hist\u00f3rico, O (1961) \u2013 BR<\/strong><br \/>\n(Com Cavagnolle Neto, Xer\u00e9m )<br \/>\nQuando o antigo mapa dos tesouros dos bandeirantes \u00e9 roubado, seu herdeiro, Nh\u00f4 Justino, vai atr\u00e1s das minas para proteger seu ouro. Enquanto procura, acaba sendo picado por uma jararaca. Cabe ao Inspetor Carlos conseguir salvar Justino e ainda recuperar o mapa hist\u00f3rico das m\u00e3os dos ladr\u00f5es.<br \/>\nDura\u00e7\u00e3o: 25 min<\/p>\n<p><strong>17. O Vigilante Rodovi\u00e1rio &#8211; Caf\u00e9 Marcado (1961) \u2013 BR<\/strong><br \/>\n(Com Marthus Mathias, Edgard Franco, Henric\u00e3o )<br \/>\nO Caf\u00e9 Marcado \u00e9 o caf\u00e9 em gr\u00e3o que n\u00e3o pode ser exportado. Apesar desta pr\u00e1tica ser proibida, pessoas inescrupulosas est\u00e3o contrabeando esse caf\u00e9 para o exterior. A Pol\u00edcia Rodovi\u00e1ria monta um plano e os inspetores ficalizar\u00e3o as mercadorias que passam nas estradas.<br \/>\nDura\u00e7\u00e3o: 19 min<\/p>\n<p><strong>18. O Vigilante Rodovi\u00e1rio &#8211; S\u00f3sia, O (1961) \u2013 BR<\/strong><br \/>\nA Interpol descobre que um s\u00f3sia do Inspetor Carlos \u00e9 membro de uma gangue de falsificadores internacionais. Para descobrir a fonte do dinheiro falso, o Vigilante n\u00e3o v\u00ea outra alternativa sen\u00e3o adentrar o mundo do crime: toma a identidade do bandido e, com cautela, se faz passar por contraventor.<br \/>\nDura\u00e7\u00e3o: 21 min<\/p>\n<p><strong>19. O Vigilante Rodovi\u00e1rio &#8211; Rapto do Juca (1961) \u2013 BR<\/strong><br \/>\n(Com Juca Chaves, Etty Fraser, Marlene Fran\u00e7a, Dirceu Conte e Ary Fernandes)<br \/>\nO cantor Juca Chaves \u00e9 v\u00edtima de um sequestro-rel\u00e2mpago momentos antes de se apresentar em seu programa de televis\u00e3o. Os bandidos desejam sabotar a produ\u00e7\u00e3o do artista &#8211; l\u00edder de audi\u00eancia no hor\u00e1rio -, mas o Inspetor Carlos n\u00e3o mede esfor\u00e7os para impedir que o plano seja bem-sucedido.<br \/>\nDura\u00e7\u00e3o: 21 min<\/p>\n<p><strong>20. O Vigilante Rodovi\u00e1rio &#8211; Assalto, O (1961) \u2013 BR<\/strong><br \/>\n(Com M\u00e1rio L\u00facio Freitas )<br \/>\nUm menino quer ver Pel\u00e9 ap\u00f3s uma partida de futebol e acaba ref\u00e9m de homens que roubam o est\u00e1dio. \u00c9 organizada uma grande opera\u00e7\u00e3o envolvendo a Pol\u00edcia Rodovi\u00e1ria para capturar o bando, mas ser\u00e1 preciso correr contra o tempo, pois o grupo pratica ainda mais crimes na fuga.<br \/>\nDura\u00e7\u00e3o: 21 min<\/p>\n<p><strong>21. O Vigilante Rodovi\u00e1rio &#8211; Chantagem (1961) \u2013 BR<\/strong><br \/>\n(Com St\u00eanio Garcia e Alcides Gerardi )<br \/>\nUm grupo de criminosos chantageia ex-presidi\u00e1rios em liberdade condicional, amea\u00e7ando envolv\u00ea-los em falcatruas e mand\u00e1-los de volta \u00e0 cadeia. Os bandidos exigem dinheiro do pai do pequeno Eduardo, mas n\u00e3o imaginam que encontrar\u00e3o o Vigilante Rodovi\u00e1rio para atrapalhar seus planos.<br \/>\nDura\u00e7\u00e3o: 21 min<\/p>\n<p><strong>22. O Vigilante Rodovi\u00e1rio &#8211; O Invento (1961) \u2013 BR<\/strong><br \/>\n(Com Geraldo Del Rey, El\u00edsio Albuquerque )<br \/>\nUm novo motor est\u00e1 sendo testado para melhorar o desempenho dos carros da Pol\u00edcia Rodovi\u00e1ria. O Vigilante Carlos e seu colega Jair precisam manter guarda do equipamento, que pode ser perigoso se cair em m\u00e3os erradas. O que ningu\u00e9m imagina \u00e9 que um de seus inventores esconde um grande segredo.<br \/>\nDura\u00e7\u00e3o: 20 min<\/p>\n<p><strong>23. O Vigilante Rodovi\u00e1rio &#8211; Jogo Decisivo (1961) \u2013 BR<\/strong><br \/>\nO goleiro Jujuca, dedicado \u00e0 prepara\u00e7\u00e3o para uma partida importante, \u00e9 agredido por integrantes de uma quadrilha de apostas, que fazem tudo parecer causado pela irresponsabilidade do rapaz. No entanto, o Vigilante Carlos desconfia da hist\u00f3ria e cria um plano engenhoso para capturar os criminosos.<br \/>\nDura\u00e7\u00e3o: 19 min<\/p>\n<p><strong>24. O Vigilante Rodovi\u00e1rio &#8211; O Mordomo (1961) \u2013 BR<\/strong><br \/>\n(Com Luciano Gr\u00e9gori)<br \/>\nAo ser perseguido, um homem encontra dois vigilantes em seu caminho, mas logo desaparece sem deixar pistas. O Inspetor Carlos decide esclarecer o caso e se oferece como isca aos criminosos. S\u00f3 n\u00e3o imagina que nada \u00e9 o que parece: at\u00e9 solucionar o mist\u00e9rio, ele acaba se expondo a grandes riscos.<br \/>\nDura\u00e7\u00e3o: 21 min<\/p>\n<p><strong>25. O Vigilante Rodovi\u00e1rio &#8211; Romeiros, Os (1961) \u2013 BR<\/strong><br \/>\nDepois de cometer um assalto, uma quadrilha se mistura a um grupo de romeiros para ultrapassar a fiscaliza\u00e7\u00e3o da pol\u00edcia e fugir. Desconfiado, o Vigilante sai sozinho no encal\u00e7o do ve\u00edculo que os est\u00e1 transportando, mas conta com a ajuda decisiva de seu c\u00e3o Lobo para capturar os malfeitores.<br \/>\nDura\u00e7\u00e3o: 16 min<\/p>\n<p><strong>26. O Vigilante Rodovi\u00e1rio &#8211; Pedreira, A (1961) \u2013 BR<\/strong><br \/>\nUma pedreira est\u00e1 prestes a ser explodida, mas o detonador falha e um dos funcion\u00e1rios precisa verificar o problema. Ao descobrir uma crian\u00e7a abandonada, ele percebe que um acidente e a tempestade que se anuncia podem causar uma trag\u00e9dia. O Vigilante decide, ent\u00e3o, arriscar sua vida para salv\u00e1-los.<br \/>\nDura\u00e7\u00e3o: 18 min<\/p>\n<p><strong>27. O Vigilante Rodovi\u00e1rio &#8211; Extors\u00e3o (1961) \u2013 BR<\/strong><br \/>\n(Com Toni Campello, Luciano Gr\u00e9gori Lucy Meirellles )<br \/>\nUm grupo de amigos fazem um passeio pela praia quando s\u00e3o abordados por dois assaltantes. Um acidente faz com que um dos jovens caia na chantagem dos bandidos, que pedem uma grande quantia em dinheiro. O Inspetor Carlos entrar\u00e1 em cena para salvar o rapaz e prender os chantagistas.<br \/>\nDura\u00e7\u00e3o: 19 min<\/p>\n<p><strong>28. O Vigilante Rodovi\u00e1rio &#8211; M\u00e1gico, O \u2013 BR<\/strong><br \/>\n(Com Arnaldo Weiss)<br \/>\nUm m\u00e1gico &#8211; que j\u00e1 foi membro de uma quadrilha &#8211; decide se regenerar ap\u00f3s cumprir pena na cadeia. No entanto, seus antigos comparsas o amea\u00e7am para que ele volte a praticar crimes. O rapaz decide, ent\u00e3o, pedir ajuda \u00e0 Pol\u00edcia Rodovi\u00e1ria, que designa o Vigilante para uma miss\u00e3o.<br \/>\nDura\u00e7\u00e3o: 17 min<\/p>\n<p><strong>29. O Vigilante Rodovi\u00e1rio &#8211; Rem\u00e9dio Falsificado (1961) \u2013 BR<\/strong><br \/>\n(Com Ary Toledo)<br \/>\nA cada dia, chegam ao hospital cada vez mais casos de intoxica\u00e7\u00e3o por uso de rem\u00e9dios falsificados, levando os m\u00e9dicos a comunicar o problema \u00e0 pol\u00edcia. Enquanto isso, o pequeno Tuca e seu amigo se envolvem numa grande enrascada ao entrar num furg\u00e3o da gangue dos falsificadores.<br \/>\nDura\u00e7\u00e3o: 14 min<\/p>\n<p><strong>30. O Vigilante Rodovi\u00e1rio &#8211; Aventura em Vila Velha (1961) \u2013 BR<\/strong><br \/>\n(Com Ary Fontoura, Maur\u00edcio T\u00e1vora, Ivo Ferro)<br \/>\nAs For\u00e7as Armadas brasileiras lan\u00e7am um foguete experimental, mas algo d\u00e1 errado: sua rota \u00e9 alterada e estima-se que a ogiva levada por ele esteja em Vila Velha (ES). Como h\u00e1 espi\u00f5es interessados na miss\u00e3o, todos devem correr contra o tempo para impedir que o equipamento caia em m\u00e3os erradas.<br \/>\nDura\u00e7\u00e3o: 22 min<\/p>\n<p><strong>31. O Vigilante Rodovi\u00e1rio &#8211; Rep\u00f3rter, A (1961) \u2013 BR<\/strong><br \/>\n(Com Rosamaria Murtinho e F\u00falvio Stefanini)<br \/>\nFalsificadores est\u00e3o enganando os trabalhadores de um parque de divers\u00f5es trocando dinheiro falso. A par da fraude, a colunista social Marisa tenta descobrir quem s\u00e3o os falsificadores para conseguir um furo de reportagem. Enquanto isso, o Inspetor Carlos precisa proteg\u00ea-la da ira dos criminosos.<br \/>\nDura\u00e7\u00e3o: 20 min<\/p>\n<p><strong>32. O Vigilante Rodovi\u00e1rio &#8211; Ladr\u00f5es de Autom\u00f3veis (1961) \u2013 BR<\/strong><br \/>\nUm carro com a porta aberta \u00e9 um convite para o crime. Para acabar com a onda de roubos de carros em S\u00e3o Paulo, a Delegacia de Furtos de Autom\u00f3veis pede ajuda a Pol\u00edcia Rodovi\u00e1ria. Durante a investiga\u00e7\u00e3o, o Inspetor Carlos descobre uma pista sobre uma quadrilha suspeita.<br \/>\nDura\u00e7\u00e3o: 22 min<\/p>\n<p><strong>33. O Vigilante Rodovi\u00e1rio &#8211; Bola de Meia (1961) \u2013 BR<\/strong><br \/>\n(Com M\u00e1rio L\u00facio Freitas)<br \/>\nUma dupla de bandidos &#8211; com a ajuda de um funcion\u00e1rio &#8211; prepara os \u00faltimos detalhes para assaltar uma f\u00e1brica no dia seguinte, mas precisa afastar os meninos que jogam futebol num campo pr\u00f3ximo dali. Os criminosos n\u00e3o contam, no entanto, com a esperteza do Vigilante e do pequeno Tuca.<br \/>\nDura\u00e7\u00e3o: 21 min<\/p>\n<p><strong>34. O Vigilante Rodovi\u00e1rio &#8211; Ventr\u00edloquo, O (1961) \u2013 BR<\/strong><br \/>\n(Com Tur\u00edbio Ruiz)<br \/>\nA pol\u00edcia procura, em v\u00e3o, os autores de uma s\u00e9rie de assaltos, enquanto os bandidos planejam um novo roubo. A v\u00edtima ser\u00e1 o &#8220;Rei do Trigo&#8221;, durante a comemora\u00e7\u00e3o de um anivers\u00e1rio em sua casa. Para isso, os ladr\u00f5es decidem envolver no crime um talentoso ventr\u00edloquo que est\u00e1 de passagem pela cidade.<br \/>\nDura\u00e7\u00e3o: 21 min<\/p>\n<p><strong>35. O Vigilante Rodovi\u00e1rio &#8211; Suspeito, O (1961) \u2013 BR<\/strong><br \/>\n(Com Valentino Guzzo , La\u00e9rcio Laurelli, Mario L\u00facio de Freitas &#8211; Fominha, Edgard Franco e Gilberto Vagner)<br \/>\nO Vigilante Bernardo \u00e9 acusado de ter assaltado uma joalheria. Sua arma &#8211; com a inscri\u00e7\u00e3o da corpora\u00e7\u00e3o &#8211; \u00e9 encontrada no lugar do roubo, mas ele jura n\u00e3o ter nada a ver com o caso. O Inspetor Carlos ir\u00e1 atr\u00e1s de pistas para descobrir o verdadeiro suspeito por tr\u00e1s desta emboscada.<br \/>\nDura\u00e7\u00e3o: 22 min.<\/p>\n<p><strong>36. O Vigilante Rodovi\u00e1rio \u2013 Pagador, O &#8211; BR<\/strong><br \/>\n(com Carlos Miranda, Lobo)<br \/>\nA m\u00e3e de Clara vende frangos na estrada. Carlos e lobo cumprimentam as duas. Carlos d\u00e1 uma boneca de presente \u00e0 Clara que agradece. Gino e Ricco, perigosos bandidos da regi\u00e3o, planejam assalto usando a menina Clara como isca. Ap\u00f3s o assalto, saem em disparada pela estrada deixando um rastro de poeira pela estrada. Um padre que passa na estrada \u00e9 sufocado pela poeira do carro. Carlos chega ao local e o padre informa do ocorrido. Carlos d\u00e1 alerta geral e conseguem cercar os bandidos em uma montanha. Eles est\u00e3o com Clara com ref\u00e9m. Lobo rasteja e inicia luta com os bandidos, no que \u00e9 prontamente ajudado por Carlos. Os bandidos s\u00e3o dominados. Lobo pega a boneca pela boca e entrega \u00e0 Clarinha.<br \/>\nDura\u00e7\u00e3o: 20 min.<\/p>\n","protected":false},"excerpt":{"rendered":"<p>1. O Vigilante Rodovi\u00e1rio &#8211; Recruta, O (1961) \u2013 BR (Com Fausto Rocha e Renato Master) Um novo grupo de recrutas chega ao quartel &#8211; dentre eles, Luiz, o mimado filho do comandante. A rebeldia do recruta, sua resist\u00eancia \u00e0s novas regras e as constantes fugas noturnas d\u00e3o muita dor de cabe\u00e7a ao Inspetor Carlos, &#8230; <a title=\"Sinopse dos Epis\u00f3dios Recuperados\" class=\"read-more\" href=\"https:\/\/www.vigilanterodoviario.com.br\/retro\/episodios\/sinopse-dos-episodios-recuperados\/\">Acesse aqui<span class=\"screen-reader-text\">Sinopse dos Epis\u00f3dios Recuperados<\/span><\/a><\/p>\n","protected":false},"author":2,"featured_media":0,"parent":101,"menu_order":0,"comment_status":"closed","ping_status":"open","template":"","meta":{"footnotes":""},"class_list":["post-98","page","type-page","status-publish"],"_links":{"self":[{"href":"https:\/\/www.vigilanterodoviario.com.br\/retro\/wp-json\/wp\/v2\/pages\/98","targetHints":{"allow":["GET"]}}],"collection":[{"href":"https:\/\/www.vigilanterodoviario.com.br\/retro\/wp-json\/wp\/v2\/pages"}],"about":[{"href":"https:\/\/www.vigilanterodoviario.com.br\/retro\/wp-json\/wp\/v2\/types\/page"}],"author":[{"embeddable":true,"href":"https:\/\/www.vigilanterodoviario.com.br\/retro\/wp-json\/wp\/v2\/users\/2"}],"replies":[{"embeddable":true,"href":"https:\/\/www.vigilanterodoviario.com.br\/retro\/wp-json\/wp\/v2\/comments?post=98"}],"version-history":[{"count":0,"href":"https:\/\/www.vigilanterodoviario.com.br\/retro\/wp-json\/wp\/v2\/pages\/98\/revisions"}],"up":[{"embeddable":true,"href":"https:\/\/www.vigilanterodoviario.com.br\/retro\/wp-json\/wp\/v2\/pages\/101"}],"wp:attachment":[{"href":"https:\/\/www.vigilanterodoviario.com.br\/retro\/wp-json\/wp\/v2\/media?parent=98"}],"curies":[{"name":"wp","href":"https:\/\/api.w.org\/{rel}","templated":true}]}}