{"id":87,"date":"2015-11-12T17:50:53","date_gmt":"2015-11-12T17:50:53","guid":{"rendered":"http:\/\/www.vigilanterodoviario.com.br\/serie\/?page_id=87"},"modified":"2015-11-12T17:50:53","modified_gmt":"2015-11-12T17:50:53","slug":"50-anos-da-nossa-historia","status":"publish","type":"page","link":"https:\/\/www.vigilanterodoviario.com.br\/retro\/50-anos-da-nossa-historia\/","title":{"rendered":"50 anos da nossa hist\u00f3ria"},"content":{"rendered":"<p>1959<br \/>\nAry Fernandes cria a s\u00e9rie &#8220;O Vigilante Rodovi\u00e1rio&#8221;<br \/>\nInicia-se as filmagens do epis\u00f3dio piloto &#8220;O Diamante Gr\u00e3o Mongol&#8221;<\/p>\n<p><a href=\"http:\/\/www.vigilanterodoviario.com.br\/serie\/wp-content\/uploads\/2015\/11\/sptv1_menor.jpg\"><img decoding=\"async\" src=\"http:\/\/www.vigilanterodoviario.com.br\/serie\/wp-content\/uploads\/2015\/11\/sptv1_menor.jpg\" alt=\"Lan\u00e7amento Vigilante Rodovi\u00e1rio\" width=\"300\" class=\"alignright size-medium wp-image-89\" \/><\/a>1960<br \/>\nIn\u00edcio da produ\u00e7\u00e3o da s\u00e9rie<\/p>\n<p>1961<br \/>\nInicia-se as filmagens dos 23 epis\u00f3dios da s\u00e9rie (de um total de 38) no primeiro trimestre deste mesmo ano.<\/p>\n<p>1962<br \/>\nNo dia 03 de janeiro de 1962, 4\u00aa feira as 20:05hs, na TV Tupi, canal 4, vai ao ar a s\u00e9rie &#8220;O Vigilante Rodovi\u00e1rio&#8221;, com exibi\u00e7\u00e3o do epis\u00f3dio piloto &#8220;O Diamante Gr\u00e3o Mongol&#8221;.<\/p>\n<p>As filmagens dos demais 15 epis\u00f3dios da s\u00e9rie segue em paralelo e \u00e9 conclu\u00eddo no final deste mesmo ano.<\/p>\n<p>1963<br \/>\nAry Fernandes recebe pessoalmente o Trof\u00e9u Roquete Pinto durante a cerim\u00f4nia oficial de premia\u00e7\u00e3o, no Teatro Record no dia 02 de mar\u00e7o de 1963 (s\u00e1bado), as 21hs, durante a grandiosa festa dos &#8220;Roquetteados&#8221;, transmitida pelo Canal 7 em cadeia com as R\u00e1dios Record, S\u00e3o Paulo e Panamericana.<\/p>\n<p>1966<br \/>\nMorte do Lobo<\/p>\n<p>1967<br \/>\nReexibi\u00e7\u00e3o da s\u00e9rie na TV Tupi, Canal 4.<\/p>\n<p>1972<br \/>\nReexibi\u00e7\u00e3o da s\u00e9rie na Rede Globo de Televis\u00e3o, Canal 5, por volta das 14hs.<\/p>\n<p>1977<br \/>\nAry Fernandes participa com seu projeto &#8220;O Vigilante Rodovi\u00e1rio&#8221; e ganha da EMBRAFILMES, a realiza\u00e7\u00e3o do filme piloto para uma nova s\u00e9rie com as aventuras do seu personagem.<\/p>\n<p>1978<br \/>\n\u00c9 conclu\u00eddo e entregue o piloto para nova s\u00e9rie &#8220;O Vigilante Rodovi\u00e1rio&#8221;.<\/p>\n<p>2008<br \/>\nAry Fernandes\/PROCITEL ap\u00f3s anos de trabalho, restaura em parceria com o Canal Brasil\/GLOBOSAT a s\u00e9rie &#8220;O Vigilante Rodovi\u00e1rio&#8221;.<\/p>\n<p>2009<br \/>\nAry Fernandes\/PROCITEL e Canal Brasil\/GLOBOSAT, trazem  novamente para televis\u00e3o por este canal por assinaturas 35 epis\u00f3dios da s\u00e9rie no dia 09 de mar\u00e7o, as 20:30hs.<\/p>\n<p>Em 27 de novembro deste mesmo ano, Ary Fernandes\/PROCITEL atrav\u00e9s da distribuidora de v\u00eddeos Spectra Nova lan\u00e7a os 35 epis\u00f3dios da s\u00e9rie &#8220;O Vigilante Rodovi\u00e1rio&#8221; da atual temporada em DVD.<\/p>\n<p>2010<br \/>\n\u00c9 exibido pela 1\u00aa vez na TV o at\u00e9 ent\u00e3o in\u00e9dito filme &#8220;O Vigilante Rodovi\u00e1rio&#8221; de 1978 a cores com novo ator e viatura, no dia 26 de julho de 2010 as 20:30hs, pelo Canal Brasil.<\/p>\n","protected":false},"excerpt":{"rendered":"<p>1959 Ary Fernandes cria a s\u00e9rie &#8220;O Vigilante Rodovi\u00e1rio&#8221; Inicia-se as filmagens do epis\u00f3dio piloto &#8220;O Diamante Gr\u00e3o Mongol&#8221; 1960 In\u00edcio da produ\u00e7\u00e3o da s\u00e9rie 1961 Inicia-se as filmagens dos 23 epis\u00f3dios da s\u00e9rie (de um total de 38) no primeiro trimestre deste mesmo ano. 1962 No dia 03 de janeiro de 1962, 4\u00aa feira &#8230; <a title=\"50 anos da nossa hist\u00f3ria\" class=\"read-more\" href=\"https:\/\/www.vigilanterodoviario.com.br\/retro\/50-anos-da-nossa-historia\/\">Acesse aqui<span class=\"screen-reader-text\">50 anos da nossa hist\u00f3ria<\/span><\/a><\/p>\n","protected":false},"author":2,"featured_media":0,"parent":0,"menu_order":0,"comment_status":"closed","ping_status":"open","template":"","meta":{"footnotes":""},"class_list":["post-87","page","type-page","status-publish"],"_links":{"self":[{"href":"https:\/\/www.vigilanterodoviario.com.br\/retro\/wp-json\/wp\/v2\/pages\/87","targetHints":{"allow":["GET"]}}],"collection":[{"href":"https:\/\/www.vigilanterodoviario.com.br\/retro\/wp-json\/wp\/v2\/pages"}],"about":[{"href":"https:\/\/www.vigilanterodoviario.com.br\/retro\/wp-json\/wp\/v2\/types\/page"}],"author":[{"embeddable":true,"href":"https:\/\/www.vigilanterodoviario.com.br\/retro\/wp-json\/wp\/v2\/users\/2"}],"replies":[{"embeddable":true,"href":"https:\/\/www.vigilanterodoviario.com.br\/retro\/wp-json\/wp\/v2\/comments?post=87"}],"version-history":[{"count":0,"href":"https:\/\/www.vigilanterodoviario.com.br\/retro\/wp-json\/wp\/v2\/pages\/87\/revisions"}],"wp:attachment":[{"href":"https:\/\/www.vigilanterodoviario.com.br\/retro\/wp-json\/wp\/v2\/media?parent=87"}],"curies":[{"name":"wp","href":"https:\/\/api.w.org\/{rel}","templated":true}]}}