{"id":844,"date":"2016-10-14T13:07:55","date_gmt":"2016-10-14T13:07:55","guid":{"rendered":"http:\/\/www.vigilanterodoviario.com.br\/retro\/?page_id=844"},"modified":"2016-10-15T13:29:43","modified_gmt":"2016-10-15T13:29:43","slug":"dominio-publico","status":"publish","type":"page","link":"https:\/\/www.vigilanterodoviario.com.br\/retro\/dominio-publico\/","title":{"rendered":"Dom\u00ednio P\u00fablico"},"content":{"rendered":"<p>DEFINI\u00c7\u00c3O DE &#8216;DOM\u00cdNIO P\u00daBLICO&#8217; DE UMA OBRA<\/p>\n<p>&#8216;DOM\u00cdNIO P\u00daBLICO&#8217; \u00e9 quando uma obra pode ser copiada sem a autoriza\u00e7\u00e3o do autor, editor ou de quem os representem.<\/p>\n<p>De acordo com a Lei 9610\/98, uma obra entra em dom\u00ednio p\u00fablico &#8216;setenta (70) anos&#8217;  ap\u00f3s a morte do autor, \u00e0 contar a partir do 1\u00ba janeiro seguinte a sua morte, ou quando o autor n\u00e3o deixa herdeiros.<\/p>\n<p>CONHE\u00c7A A LEI DOS &#8216;DIREITOS AUTORAIS&#8217;, CLICANDO NOS LINKS ABAIXO: <\/p>\n<p><a href=\"http:\/\/www.planalto.gov.br\/ccivil_03\/Leis\/L9610.htm#art95\" target=\"_blank\">  1\u00ba &#8211; Presid\u00eancia da Rep\u00fablica Subchefia para Assuntos Jur\u00eddicos &#8211; LEI N\u00ba 9.610, DE 19.02.1998<\/a><\/p>\n<p>  <a href=\"http:\/\/www.planalto.gov.br\/ccivil_03\/Leis\/L5988.htm#art42%C2%A72\" target=\"_blank\">2\u00ba &#8211; Presid\u00eancia da Rep\u00fablica Subchefia para Assuntos Jur\u00eddicos &#8211; LEI N\u00ba 5.988, DE 14 DE DEZEMBRO DE 1973<\/a><\/p>\n","protected":false},"excerpt":{"rendered":"<p>DEFINI\u00c7\u00c3O DE &#8216;DOM\u00cdNIO P\u00daBLICO&#8217; DE UMA OBRA &#8216;DOM\u00cdNIO P\u00daBLICO&#8217; \u00e9 quando uma obra pode ser copiada sem a autoriza\u00e7\u00e3o do autor, editor ou de quem os representem. De acordo com a Lei 9610\/98, uma obra entra em dom\u00ednio p\u00fablico &#8216;setenta (70) anos&#8217; ap\u00f3s a morte do autor, \u00e0 contar a partir do 1\u00ba janeiro seguinte &#8230; <a title=\"Dom\u00ednio P\u00fablico\" class=\"read-more\" href=\"https:\/\/www.vigilanterodoviario.com.br\/retro\/dominio-publico\/\">Acesse aqui<span class=\"screen-reader-text\">Dom\u00ednio P\u00fablico<\/span><\/a><\/p>\n","protected":false},"author":2,"featured_media":0,"parent":0,"menu_order":0,"comment_status":"closed","ping_status":"closed","template":"page-template-full.php","meta":{"footnotes":""},"class_list":["post-844","page","type-page","status-publish"],"_links":{"self":[{"href":"https:\/\/www.vigilanterodoviario.com.br\/retro\/wp-json\/wp\/v2\/pages\/844","targetHints":{"allow":["GET"]}}],"collection":[{"href":"https:\/\/www.vigilanterodoviario.com.br\/retro\/wp-json\/wp\/v2\/pages"}],"about":[{"href":"https:\/\/www.vigilanterodoviario.com.br\/retro\/wp-json\/wp\/v2\/types\/page"}],"author":[{"embeddable":true,"href":"https:\/\/www.vigilanterodoviario.com.br\/retro\/wp-json\/wp\/v2\/users\/2"}],"replies":[{"embeddable":true,"href":"https:\/\/www.vigilanterodoviario.com.br\/retro\/wp-json\/wp\/v2\/comments?post=844"}],"version-history":[{"count":0,"href":"https:\/\/www.vigilanterodoviario.com.br\/retro\/wp-json\/wp\/v2\/pages\/844\/revisions"}],"wp:attachment":[{"href":"https:\/\/www.vigilanterodoviario.com.br\/retro\/wp-json\/wp\/v2\/media?parent=844"}],"curies":[{"name":"wp","href":"https:\/\/api.w.org\/{rel}","templated":true}]}}