{"id":76,"date":"2015-11-12T16:48:34","date_gmt":"2015-11-12T16:48:34","guid":{"rendered":"http:\/\/www.vigilanterodoviario.com.br\/serie\/?page_id=76"},"modified":"2016-07-20T18:06:33","modified_gmt":"2016-07-20T18:06:33","slug":"nasce-o-vigilante","status":"publish","type":"page","link":"https:\/\/www.vigilanterodoviario.com.br\/retro\/depoimentos\/nasce-o-vigilante\/","title":{"rendered":"Nasce o Vigilante"},"content":{"rendered":"<p><em>Por Ary Fernandes<\/em><\/p>\n<p>&#8220;Quando eu era garoto, adorava os seriados que naquela \u00e9poca passavam nos cinemas e achava que fazia falta um her\u00f3i brasileiro.  N\u00e3o entendia o porqu\u00ea n\u00e3o haviam criado um her\u00f3i nacional.<\/p>\n<p>Com o passar dos anos, fui trabalhar como radialista, e por volta de 1.952, fui para Kino Filmes e Maristela. Fui levado por Alfredo Pal\u00e1cios, que era diretor de produ\u00e7\u00e3o, e j\u00e1 me conhecia dos tempos de r\u00e1dio.<\/p>\n<p>Comecei trabalhando como assistente de produ\u00e7\u00e3o em filmes como &#8220;O Canto do Mar&#8221; e depois &#8220;A Mulher de Verdade&#8221;, de Cavalcanti; logo me tornei assistente de dire\u00e7\u00e3o de Carlos Hugo Christensen em &#8220;M\u00e3os Sangrentas&#8221; e &#8220;Leonora dos Sete Mares&#8221;.<\/p>\n<p>Como j\u00e1 disse, sentia falta de um her\u00f3i genuinamente brasileiro e como sempre viajava pelas estradas devido \u00e0s filmagens, e j\u00e1 mantinha um contato com os Policiais Rodovi\u00e1rios, surgiu-me a ideia de criar um her\u00f3i relacionado com as coisas que eu gostava e admirava.<\/p>\n<p>Na \u00e9poca tamb\u00e9m, a corpora\u00e7\u00e3o da Pol\u00edcia Rodovi\u00e1ria era bem pequena e sempre bem quista pelo p\u00fablico.<\/p>\n<p>Essa jun\u00e7\u00e3o de id\u00e9ias me agradava.<\/p>\n<p>Imaginei-o ent\u00e3o, na figura simp\u00e1tica de um Policial Rodovi\u00e1rio cujo intuito n\u00e3o era somente autuar os motoristas e sim um amigo das estradas a quem pud\u00e9ssemos recorrer. <\/p>\n<p>Foi nesta hora, em meio a uma fus\u00e3o de id\u00e9ias, que eu criei o  &#8220;VIGILANTE RODOVI\u00c1RIO\u00ae&#8221; cujo primeiro t\u00edtulo do piloto da s\u00e9rie era &#8220;O Patrulheiro&#8221;.<\/p>\n<p>Quando j\u00e1 havia rodado uns epis\u00f3dios, ficamos sabendo que iria entrar no ar com o patroc\u00ednio do concorrente uma s\u00e9rie estrangeira com o mesmo nome. <\/p>\n<p>Nesse momento, sai pensativo da reuni\u00e3o a qual me encontrava e comecei a relacionar as palavras. Ocorreu-me ent\u00e3o que Patrulheiro deve estar sempre alerta, &#8220;Vigilante&#8221;.<\/p>\n<p>So\u00f4u-me harmoniosa a concord\u00e2ncia dessas palavras:<\/p>\n<p>&#8220;VIGILANTE RODOVI\u00c1RIO\u00ae&#8221;!!!<\/p>\n<p>Na \u00e9poca, quando disse qual seria o novo nome, muitos da equipe n\u00e3o gostaram, pois achavam Patrulheiro mais simp\u00e1tico aos ouvidos.<\/p>\n<p>N\u00e3o foi nada f\u00e1cil para mim que al\u00e9m de diretor da s\u00e9rie, tamb\u00e9m era o &#8220;pai&#8221; do personagem, ou seja, tinha em mente algo implaus\u00edvel aos olhos alheios; assim somente eu visualizava as aventuras dos personagens dando suas devidas caracter\u00edsticas.<\/p>\n<p>Quero que fique bem claro aqui para todos os f\u00e3s e internautas que sempre me procuram que a can\u00e7\u00e3o tema de abertura da s\u00e9rie a qual intitulei de &#8220;CAN\u00c7\u00c3O O VIGILANTE RODOVI\u00c1RIO\u00ae&#8221;, tamb\u00e9m foi composta por mim. <\/p>\n<p>Escrevi v\u00e1rios epis\u00f3dios quando retornava das filmagens; entrava noite a fora com minha m\u00e1quina de escrever. Dormia um pouco, e logo j\u00e1 amanhecia o dia para come\u00e7ar tudo de novo. <\/p>\n<p>Quem compartilhou comigo e vivenciou a minha luta, foi o meu saudoso amigo Alfredo Pal\u00e1cios, que acreditou na minha ideia e juntou-se a mim nesses 38 epis\u00f3dios em que foram rodados para o seriado como produtor t\u00e9cnico.<\/p>\n<p>O piloto da s\u00e9rie foi concebido atrav\u00e9s de recursos pr\u00f3prios.<\/p>\n<p>N\u00e3o que estivesse sobrando dinheiro, muito pelo contr\u00e1rio, pois tamb\u00e9m vivia uma fase nova em minha vida pessoal; casado e com um casal de filhos muito pequenos para criar.<\/p>\n<p><strong>Ary, Carlos e Lobo no Comando da Pol\u00edcia Rodovi\u00e1ria<\/strong><\/p>\n<p><img loading=\"lazy\" decoding=\"async\" src=\"http:\/\/www.vigilanterodoviario.com.br\/comandodapolicia.jpg\" width=\"220\" height=\"125\" class=\"alignleft\" \/>O que eu tinha de sobra eram ideias novas, personagens; uma vontade alucinante de realizar meus sonhos. <\/p>\n<p>Andei muito com o mesmo terno cerzido nas cal\u00e7as (o qual guardo at\u00e9 hoje como tributo), batendo em v\u00e1rias empresas a fim de mostrar o &#8220;meu ovo de Colombo&#8221;. <\/p>\n<p>At\u00e9 que chegou o dia que jamais esquecerei em toda minha vida. <\/p>\n<p>Nunca deixei e jamais deixarei de mencionar o nome do su\u00ed\u00e7o Gilberto Valt\u00e9rio. Figura maravilhosa, a quem sempre serei grato.<\/p>\n<p><img loading=\"lazy\" decoding=\"async\" src=\"http:\/\/www.vigilanterodoviario.com.br\/aryevalterio.jpg\" width=\"260\" height=\"216\" class=\"alignright\" \/>Ocupava um alto cargo de diretor executivo na multinacional Nestl\u00e9, que ap\u00f3s assistir o piloto da s\u00e9rie, deu-me ouvidos e cr\u00e9ditos, abrindo assim as portas para a concretiza\u00e7\u00e3o do meu t\u00e3o almejado sonho: &#8220;dar vida ao  primeiro her\u00f3i brasileiro&#8221;.<\/p>\n<p>E foi atrav\u00e9s dele, que conseguimos o patroc\u00ednio financeiro da Nestl\u00e9 para custear a produ\u00e7\u00e3o do seriado e abrir fronteiras para uma nova \u00e1rea de trabalho; abrindo espa\u00e7os para t\u00e9cnicos e dando oportunidades a novos talentos da dramaturgia que surgiram junto com a s\u00e9rie.<\/p>\n<p>Alguns desses nomes figuram como personalidades do meio art\u00edstico como: St\u00eanio Garcia, Rosa Maria Murtinho, F\u00falvio Stefanini, Ary Fontoura, Juca Chaves, Tony Campelo, Lu\u00eds Guilherme, Ary Toledo e outros.<\/p>\n<p>Quando o piloto ficou pronto, todos queriam ver, pois achavam pretensiosa demais a empreitada de um jovem em fazer a primeira s\u00e9rie para a televis\u00e3o brasileira. <\/p>\n<p>Achavam-me um sonhador, idealista, porqu\u00ea no mundo s\u00f3 havia 3 pa\u00edses que produziam filmes em s\u00e9ries; na Am\u00e9rica Latina nenhum Pa\u00eds havia ainda se aventurado.<\/p>\n<p><img loading=\"lazy\" decoding=\"async\" src=\"http:\/\/www.vigilanterodoviario.com.br\/aryepalacios.jpg\" width=\"260\" height=\"216\" class=\"alignleft\" \/>Eu era um jovem com muita vontade de ver meu sonho realizado. Assim que acabou a exibi\u00e7\u00e3o do piloto, todos ficaram abismados com a qualidade do filme. O meu sonho tomava todo o meu tempo, pouco ficava com minha fam\u00edlia.<\/p>\n<p>Contudo, foi dentro de casa que abriram os meus olhos.<\/p>\n<p>Na \u00e2nsia de procurar o ator ideal, testei v\u00e1rios candidatos que deveriam dar vida ao meu personagem. Ningu\u00e9m se encaixava com os meus padr\u00f5es, com aquilo que s\u00f3 eu imaginava.<\/p>\n<p>Faltava algo que eu n\u00e3o encontrava.<\/p>\n<p>Cansado, cheguei em casa e disse a minha esposa Ignez:<br \/>\n&#8216;Chega! N\u00e3o consigo v\u00ea-lo em ningu\u00e9m!&#8217;<\/p>\n<p>Foi nessa hora que minha esposa veio com a sugest\u00e3o:<br \/>\n&#8216;Voc\u00ea j\u00e1 testou o Carlinhos?!&#8217;<\/p>\n<p>Descartei a ideia na hora, pois o tal Carlinhos (\u00e9 assim que o chamamos carinhosamente em nossa casa), era nada mais e nada menos que o Carlos Miranda. Ele j\u00e1 estava trabalhando comigo neste projeto, pois ocupava um cargo t\u00e9cnico na produ\u00e7\u00e3o do filme. <\/p>\n<p>Confesso que jamais o olhava como ator.<\/p>\n<p>Contudo, no dia seguinte, novamente a procura daquilo que n\u00e3o via, sentei e olhei para o Carlinhos. <\/p>\n<p>Pedi para ele provar o fardamento completo o qual dispunha.<\/p>\n<p>Embora as roupas tenham ficado um pouco justas devido ao seu grande porte f\u00edsico e cal\u00e7ando um par de botas um n\u00famero menor do que o seu, quando bati os olhos nele, disse-lhe:<\/p>\n<p><img loading=\"lazy\" decoding=\"async\" src=\"http:\/\/www.vigilanterodoviario.com.br\/aryecarlosi.jpg\" width=\"200\" height=\"140\" class=\"alignright\" \/>&#8216;Acabo de encontrar o VIGILANTE RODOVI\u00c1RIO\u00ae.&#8221; Surpreso ainda ele me perguntou:&#8217;<br \/>\n&#8216;\u00c9?! &#8216;Onde?!&#8217;<\/p>\n<p>Olhei para ele e disse-lhe:<br \/>\n&#8216;\u00c9 voc\u00ea.&#8217;<\/p>\n<p>Deixei-o surpreso, pois nem ele contava com isso.<\/p>\n<p>Foram 18 meses que vivi mergulhado nas filmagens.<\/p>\n<p>Quanto ao cachorro, sempre fui apaixonado por c\u00e3es. Animal d\u00f3cil, e melhor amigo do homem. E melhor amigo do Vigilante tamb\u00e9m! Como n\u00e3o era permitido c\u00e3o na pol\u00edcia, precisei criar uma maneira de incorpor\u00e1-lo \u00e0 s\u00e9rie.<\/p>\n<p>Quanto ao Lobo, esse n\u00e3o era seu verdadeiro nome. Ele chamava-se King e pertencia a uma pessoa de nome Lu\u00eds. Como necessitava de um c\u00e3o, ele me ofereceu o seu cachorro, pois era d\u00f3cil e obedecia \u00e0 uns dois comandos que ele havia ensinado. <\/p>\n<p>Realmente, era um lindo c\u00e3o policial, ou seja, n\u00e3o era Pastor Alem\u00e3o ra\u00e7a pura.  Muito d\u00f3cil e inteligente. Ensinei-lhe todos comandos para adestr\u00e1-lo e ele assimilava com facilidade. Houve uma afei\u00e7\u00e3o muito grande do c\u00e3o n\u00e3o s\u00f3 por mim como por todos da minha fam\u00edlia. Ele ficava em minha casa, pois estava sempre em cena. Nos apegamos muito a ele e vice-versa. <\/p>\n<p>Com o sucesso da s\u00e9rie, ele viajava muito comigo e a equipe. Ficava hospedado em hot\u00e9is junto comigo no mesmo quarto, por ocasi\u00e3o dos compromissos assumidos e era muito bem recebido. Esse meu amigo virou celebridade!<\/p>\n<p>Durante alguns anos, o Lobo continuou comigo em minha casa para apresenta\u00e7\u00f5es, assim como o Carlos manteve esse mesmo contrato de compromisso.<\/p>\n<p>Cabe sempre deixar bem claro que, infelizmente, o Lobo nunca nos pertenceu. Bem que eu quis compr\u00e1-lo, por\u00e9m o Lu\u00eds n\u00e3o queria vend\u00ea-lo, pois havia o interesse financeiro no animal.<\/p>\n<p>Com t\u00e9rmino das filmagens, fim dos seus compromissos, o Lu\u00eds veio busc\u00e1-lo. Novamente ofereci uma importante quantia em dinheiro pelo animal. Contudo, e ele n\u00e3o aceitou. Passaram-se 2 dias, e o Lobo voltou sozinho para minha casa.<\/p>\n<p>Havia fugido e farejado o caminho. Ficou conosco por mais 3 dias.  Foram mais ou menos 5 anos de conviv\u00eancia comigo e com minha fam\u00edlia.<\/p>\n<p>Ele j\u00e1 havia se afei\u00e7oado a n\u00f3s pelos anos que passamos juntos. A essa altura ele j\u00e1 estava velhinho. Mais ou menos com 9 ou 10 anos de idade. Tornei a propor uma quantia ainda maior em dinheiro para que ele me vendesse o cachorro.<\/p>\n<p>Novamente ele tornou a n\u00e3o aceitar. Levou-o de volta para sua casa. Por\u00e9m, na segunda vez que ele fugiu e tentou voltar para minha casa, aconteceu&#8230;<\/p>\n<p>Com a s\u00e9rie recebi v\u00e1rios pr\u00eamios, por\u00e9m o de maior express\u00e3o para mim foi o Trof\u00e9u &#8220;Roquete Pinto&#8221;, que ocupa lugar de destaque em minha casa e na minha vida.<\/p>\n<p>Hoje, fico feliz em ver o sucesso cont\u00ednuo do &#8220;VIGILANTE RODOVI\u00c1RIO\u00ae&#8221;.<\/p>\n<p>O p\u00fablico ainda se lembra com carinho desta s\u00e9rie a qual tanto meu orgulho de ter criado e feito.<\/p>\n<p>Muitos f\u00e3s me procuram at\u00e9 hoje para saber como tudo come\u00e7ou.<\/p>\n<p>Sou grato a todos e sinto-me respons\u00e1vel por ter influenciado a vida de muitas crian\u00e7as e jovens daquela \u00e9poca.<\/p>\n<p>Contribu\u00ed com uma ideia positiva, o que me deixa profundamente  orgulhoso.<\/p>\n<p>O que me entristece \u00e9 ver que com passar dos anos muitas hist\u00f3rias foram contadas e tomadas como ver\u00eddicas. Muitas n\u00e3o correspondem aos fatos. Boatos inventados sobre o que acontecia nos bastidores, principalmente quanto \u00e0 produ\u00e7\u00e3o. Por exemplo, a equipe de produ\u00e7\u00e3o NUNCA passou fome. NUNCA deixei passar os problemas de quest\u00f5es financeiras que sofri para produzir a s\u00e9rie.<\/p>\n<p>NUNCA fiquei devendo nada a ningu\u00e9m, tive que fazer uma adapta\u00e7\u00e3o para o cinema para recuperar algum dinheiro que investi. Todo mundo era assalariado. Ningu\u00e9m sofreu mais do que eu e o Pal\u00e1cios.<\/p>\n<p>Sei que tem pessoas que nem eram nossos amigos e hoje falam como se tiv\u00e9ssemos dependido deles para produzir o &#8220;VIGILANTE RODOVI\u00c1RIO\u00ae&#8221; . <\/p>\n<p>At\u00e9 fatos sobre o Lobo foram deturpados. Ele tinha um dono e infelizmente acabou atropelado como relatei acima. <\/p>\n<p>Outro fato que me aborrece muito s\u00e3o os in\u00fameros &#8220;pais&#8221; da minha cria\u00e7\u00e3o. <\/p>\n<p>Ningu\u00e9m quer assumir um filho bastardo, todos querem o bonito e inteligente mesmo que seja dos outros.<\/p>\n<p>Mas se minha cria continua fazendo sucesso, foi porque tive colabora\u00e7\u00e3o daqueles que acreditavam em mim, me deram a m\u00e3o e patrocinaram com o que eu mais precisava: &#8216;dinheiro&#8217;.<\/p>\n<p>Isso eu devo ao Gilberto Valt\u00e9rio e a Nestl\u00e9. Enquanto outros zombavam e faziam chacotas dos que se uniram a mim antes do sucesso.<\/p>\n<p>Esse \u00e9 o pre\u00e7o da fama!<\/p>\n<p>Hoje todos conhecem o resultado da minha ousadia em acreditar em meus sonhos.<\/p>\n<p><img loading=\"lazy\" decoding=\"async\" src=\"http:\/\/www.vigilanterodoviario.com.br\/recentenoescritorio.jpg\" width=\"220\" height=\"137\" class=\"aligncenter\" \/><\/p>\n<p>Hoje todos o conhecem com o nome de &#8220;VIGILANTE RODOVI\u00c1RIO\u00ae&#8221;.<\/p>\n","protected":false},"excerpt":{"rendered":"<p>Por Ary Fernandes &#8220;Quando eu era garoto, adorava os seriados que naquela \u00e9poca passavam nos cinemas e achava que fazia falta um her\u00f3i brasileiro. N\u00e3o entendia o porqu\u00ea n\u00e3o haviam criado um her\u00f3i nacional. Com o passar dos anos, fui trabalhar como radialista, e por volta de 1.952, fui para Kino Filmes e Maristela. Fui &#8230; <a title=\"Nasce o Vigilante\" class=\"read-more\" href=\"https:\/\/www.vigilanterodoviario.com.br\/retro\/depoimentos\/nasce-o-vigilante\/\">Acesse aqui<span class=\"screen-reader-text\">Nasce o Vigilante<\/span><\/a><\/p>\n","protected":false},"author":2,"featured_media":0,"parent":52,"menu_order":0,"comment_status":"closed","ping_status":"open","template":"","meta":{"footnotes":""},"class_list":["post-76","page","type-page","status-publish"],"_links":{"self":[{"href":"https:\/\/www.vigilanterodoviario.com.br\/retro\/wp-json\/wp\/v2\/pages\/76","targetHints":{"allow":["GET"]}}],"collection":[{"href":"https:\/\/www.vigilanterodoviario.com.br\/retro\/wp-json\/wp\/v2\/pages"}],"about":[{"href":"https:\/\/www.vigilanterodoviario.com.br\/retro\/wp-json\/wp\/v2\/types\/page"}],"author":[{"embeddable":true,"href":"https:\/\/www.vigilanterodoviario.com.br\/retro\/wp-json\/wp\/v2\/users\/2"}],"replies":[{"embeddable":true,"href":"https:\/\/www.vigilanterodoviario.com.br\/retro\/wp-json\/wp\/v2\/comments?post=76"}],"version-history":[{"count":0,"href":"https:\/\/www.vigilanterodoviario.com.br\/retro\/wp-json\/wp\/v2\/pages\/76\/revisions"}],"up":[{"embeddable":true,"href":"https:\/\/www.vigilanterodoviario.com.br\/retro\/wp-json\/wp\/v2\/pages\/52"}],"wp:attachment":[{"href":"https:\/\/www.vigilanterodoviario.com.br\/retro\/wp-json\/wp\/v2\/media?parent=76"}],"curies":[{"name":"wp","href":"https:\/\/api.w.org\/{rel}","templated":true}]}}