{"id":740,"date":"2016-10-03T21:53:23","date_gmt":"2016-10-03T21:53:23","guid":{"rendered":"http:\/\/www.vigilanterodoviario.com.br\/retro\/?page_id=740"},"modified":"2016-10-03T21:53:53","modified_gmt":"2016-10-03T21:53:53","slug":"relacao-dos-38-episodios","status":"publish","type":"page","link":"https:\/\/www.vigilanterodoviario.com.br\/retro\/relacao-dos-38-episodios\/","title":{"rendered":"Rela\u00e7\u00e3o dos 38 epis\u00f3dios"},"content":{"rendered":"<p><a href=\"http:\/\/www.vigilanterodoviario.com.br\/ary12.jpg\"><img loading=\"lazy\" decoding=\"async\" src=\"http:\/\/www.vigilanterodoviario.com.br\/ary12.jpg\" width=\"300\" height=\"225\" class=\"aligncenter\" \/><\/a><\/p>\n<p>1-Os Cinco Valentes<br \/>\n2-O Recruta<br \/>\n3-Bola de Meia<br \/>\n4-O Ventr\u00edloquo<br \/>\n5-Extors\u00e3o<br \/>\n6-Jogo Decisivo<br \/>\n7-P\u00e2nico no Ring<br \/>\n8-Zuni, o Potrinho<br \/>\n9-Rem\u00e9dios Falsificados<br \/>\n10-Os Romeiros<br \/>\n11-A Rep\u00f3rter<br \/>\n12-Diamante Gr\u00e3 Mongol<br \/>\n13-O Fugitivo<br \/>\n14-Aventura em Ouro Preto<br \/>\n15-Chantagem<br \/>\n16-O Homem do Realejo<br \/>\n17-A Elei\u00e7\u00e3o<br \/>\n18-A Pedreira<br \/>\n19-O Pagador<br \/>\n20-O S\u00f3sia<br \/>\n21-A Aventura do Tuca<br \/>\n22-O Invento<br \/>\n23-Terras de Ningu\u00e9m<br \/>\n24-Rapto do Juca<br \/>\n25-Aventura em Vila Velha<br \/>\n26-Pombo Correio<br \/>\n27-Ladr\u00f5es de Autom\u00f3veis<br \/>\n28-O Suspeito<br \/>\n29-O Garimpo<br \/>\n30-A F\u00f3rmula de G\u00e1s<br \/>\n31-Caf\u00e9 Marcado<br \/>\n32-O Assalto<br \/>\n33-O M\u00e1gico<br \/>\n34-Mapa Hist\u00f3rico<br \/>\n35-O Mordomo<br \/>\n36-A Hist\u00f3ria do Lobo<br \/>\n37-Mist\u00e9rio do Emb\u00fa<br \/>\n38-A Orqu\u00eddea Glacial<\/p>\n","protected":false},"excerpt":{"rendered":"<p>1-Os Cinco Valentes 2-O Recruta 3-Bola de Meia 4-O Ventr\u00edloquo 5-Extors\u00e3o 6-Jogo Decisivo 7-P\u00e2nico no Ring 8-Zuni, o Potrinho 9-Rem\u00e9dios Falsificados 10-Os Romeiros 11-A Rep\u00f3rter 12-Diamante Gr\u00e3 Mongol 13-O Fugitivo 14-Aventura em Ouro Preto 15-Chantagem 16-O Homem do Realejo 17-A Elei\u00e7\u00e3o 18-A Pedreira 19-O Pagador 20-O S\u00f3sia 21-A Aventura do Tuca 22-O Invento 23-Terras de &#8230; <a title=\"Rela\u00e7\u00e3o dos 38 epis\u00f3dios\" class=\"read-more\" href=\"https:\/\/www.vigilanterodoviario.com.br\/retro\/relacao-dos-38-episodios\/\">Acesse aqui<span class=\"screen-reader-text\">Rela\u00e7\u00e3o dos 38 epis\u00f3dios<\/span><\/a><\/p>\n","protected":false},"author":2,"featured_media":0,"parent":0,"menu_order":0,"comment_status":"closed","ping_status":"closed","template":"","meta":{"footnotes":""},"class_list":["post-740","page","type-page","status-publish"],"_links":{"self":[{"href":"https:\/\/www.vigilanterodoviario.com.br\/retro\/wp-json\/wp\/v2\/pages\/740","targetHints":{"allow":["GET"]}}],"collection":[{"href":"https:\/\/www.vigilanterodoviario.com.br\/retro\/wp-json\/wp\/v2\/pages"}],"about":[{"href":"https:\/\/www.vigilanterodoviario.com.br\/retro\/wp-json\/wp\/v2\/types\/page"}],"author":[{"embeddable":true,"href":"https:\/\/www.vigilanterodoviario.com.br\/retro\/wp-json\/wp\/v2\/users\/2"}],"replies":[{"embeddable":true,"href":"https:\/\/www.vigilanterodoviario.com.br\/retro\/wp-json\/wp\/v2\/comments?post=740"}],"version-history":[{"count":0,"href":"https:\/\/www.vigilanterodoviario.com.br\/retro\/wp-json\/wp\/v2\/pages\/740\/revisions"}],"wp:attachment":[{"href":"https:\/\/www.vigilanterodoviario.com.br\/retro\/wp-json\/wp\/v2\/media?parent=740"}],"curies":[{"name":"wp","href":"https:\/\/api.w.org\/{rel}","templated":true}]}}