{"id":67,"date":"2015-10-08T16:34:42","date_gmt":"2015-10-08T16:34:42","guid":{"rendered":"http:\/\/www.vigilanterodoviario.com.br\/serie\/?page_id=67"},"modified":"2015-10-08T16:34:42","modified_gmt":"2015-10-08T16:34:42","slug":"o-ator-para-o-personagem","status":"publish","type":"page","link":"https:\/\/www.vigilanterodoviario.com.br\/retro\/o-ator-para-o-personagem\/","title":{"rendered":"O ator para o personagem"},"content":{"rendered":"<p><strong><em>Por Ary Fernandes<\/em><\/strong><\/p>\n<p>O Carlinhos, que j\u00e1 era nosso conhecido da Maristela, estava rec\u00e9m-casado, e tamb\u00e9m desempregado. Convidamos ent\u00e3o o Carlinhos para fazer a produ\u00e7\u00e3o do piloto. Mas ainda faltava o principal, o ator que faria o papel do patrulheiro.  Eu n\u00e3o queria um ator profissional. Iniciamos os testes com v\u00e1rios atores e at\u00e9 policiais, nos est\u00fadios emprestados de Jacob Mathor.<\/p>\n<p>Os candidatos vestiam a farda, mas nenhum me agradava, n\u00e3o me convencia. Numa noite, em casa, comentei com Ignez, minha esposa, sobre o que estava acontecendo e ela sugeriu fazer um teste com Carlinhos. Na hora achei um absurdo, aquilo n\u00e3o passava pela minha cabe\u00e7a. Eu via o Carlinhos como homem de produ\u00e7\u00e3o, n\u00e3o como ator.<\/p>\n<p>No dia seguinte reiniciei os testes, tamb\u00e9m sem sucesso.  A\u00ed, sentei numa banqueta e disse ao Carlinhos que estava quase desistindo, pois n\u00e3o encontrava o perfil que procurava. Nessa hora lembrei do que Ignez havia me dito e disse ao Carlinhos que vestisse a farda, ele estranhou, perguntou:  Por que?, eu disse: Vista, quero apenas tirar uma d\u00favida. Ele concordou, mas a bota era pequena, n\u00famero 42, e entrou muito apertada no seu p\u00e9, que era n\u00famero 44.<\/p>\n<p>Quando ele colocou a farda, completa, com quepe e blus\u00e3o, eu disse: J\u00e1 temos o Patrulheiro Rodovi\u00e1rio. Ele perguntou: Quem \u00e9?, eu disse: Voc\u00ea! <\/p>\n<p>Em suma, Ignez, minha esposa foi a respons\u00e1vel pela escolha do Carlinhos para ser o ator da s\u00e9rie.  Naquele momento eu consegui ver o que a Ignez j\u00e1 havia visto muito antes. Ignez viu Carlinhos fardado em seu pensamento.<\/p>\n","protected":false},"excerpt":{"rendered":"<p>Por Ary Fernandes O Carlinhos, que j\u00e1 era nosso conhecido da Maristela, estava rec\u00e9m-casado, e tamb\u00e9m desempregado. Convidamos ent\u00e3o o Carlinhos para fazer a produ\u00e7\u00e3o do piloto. Mas ainda faltava o principal, o ator que faria o papel do patrulheiro. Eu n\u00e3o queria um ator profissional. Iniciamos os testes com v\u00e1rios atores e at\u00e9 policiais, &#8230; <a title=\"O ator para o personagem\" class=\"read-more\" href=\"https:\/\/www.vigilanterodoviario.com.br\/retro\/o-ator-para-o-personagem\/\">Acesse aqui<span class=\"screen-reader-text\">O ator para o personagem<\/span><\/a><\/p>\n","protected":false},"author":2,"featured_media":0,"parent":0,"menu_order":0,"comment_status":"closed","ping_status":"open","template":"","meta":{"footnotes":""},"class_list":["post-67","page","type-page","status-publish"],"_links":{"self":[{"href":"https:\/\/www.vigilanterodoviario.com.br\/retro\/wp-json\/wp\/v2\/pages\/67","targetHints":{"allow":["GET"]}}],"collection":[{"href":"https:\/\/www.vigilanterodoviario.com.br\/retro\/wp-json\/wp\/v2\/pages"}],"about":[{"href":"https:\/\/www.vigilanterodoviario.com.br\/retro\/wp-json\/wp\/v2\/types\/page"}],"author":[{"embeddable":true,"href":"https:\/\/www.vigilanterodoviario.com.br\/retro\/wp-json\/wp\/v2\/users\/2"}],"replies":[{"embeddable":true,"href":"https:\/\/www.vigilanterodoviario.com.br\/retro\/wp-json\/wp\/v2\/comments?post=67"}],"version-history":[{"count":0,"href":"https:\/\/www.vigilanterodoviario.com.br\/retro\/wp-json\/wp\/v2\/pages\/67\/revisions"}],"wp:attachment":[{"href":"https:\/\/www.vigilanterodoviario.com.br\/retro\/wp-json\/wp\/v2\/media?parent=67"}],"curies":[{"name":"wp","href":"https:\/\/api.w.org\/{rel}","templated":true}]}}