{"id":663,"date":"2016-09-30T14:40:53","date_gmt":"2016-09-30T14:40:53","guid":{"rendered":"http:\/\/www.vigilanterodoviario.com.br\/retro\/?page_id=663"},"modified":"2022-02-11T23:41:40","modified_gmt":"2022-02-11T23:41:40","slug":"video-aguias-em-patrulha","status":"publish","type":"page","link":"https:\/\/www.vigilanterodoviario.com.br\/retro\/video-aguias-em-patrulha\/","title":{"rendered":"V\u00eddeo: \u00c1guias em Patrulha"},"content":{"rendered":"<p>Abertura Longa-metragem AGUIAS EM PATRULHA<\/p>\n<p>Para levar a s\u00e9rie \u00c1GUIAS DE FOGO para o cinema, Ary Fernandes compilou 4 epis\u00f3dios: A Viagem, O Diplomata, O Rapto e O Contrabando e os transformou em um longa-metragem intitulado \u00c1GUIAS EM PATRULHA:<\/p>\n\t<video id=\"wp_mep_1\" src=\"https:\/\/www.vigilanterodoviario.com.br\/retro\/wp-content\/uploads\/2022\/02\/1644622837-aguiasempatrulha.mp4\"  width=\"590\" height=\"330\" poster=\"https:\/\/www.vigilanterodoviario.com.br\/retro\/wp-content\/uploads\/2022\/02\/1644622837-aguiasempatrulha_3.jpg\" controls=\"controls\" preload=\"none\"  >\r\n\t\t\r\n\t\t\r\n\t\t\r\n\t\t\r\n\t\t\r\n\t\t\r\n\t\t\r\n\t<\/video>\r\n<script type=\"text\/javascript\">\r\njQuery(document).ready(function($) {\r\n\t$('#wp_mep_1').mediaelementplayer({\r\n\t\tm:1\r\n\t\t\r\n\t\t,features: ['playpause','current','progress','duration','volume','tracks','fullscreen']\r\n\t\t\r\n\t});\r\n});\r\n<\/script>\r\n\n","protected":false},"excerpt":{"rendered":"<p>Abertura Longa-metragem AGUIAS EM PATRULHA Para levar a s\u00e9rie \u00c1GUIAS DE FOGO para o cinema, Ary Fernandes compilou 4 epis\u00f3dios: A Viagem, O Diplomata, O Rapto e O Contrabando e os transformou em um longa-metragem intitulado \u00c1GUIAS EM PATRULHA:<\/p>\n","protected":false},"author":2,"featured_media":0,"parent":0,"menu_order":0,"comment_status":"closed","ping_status":"closed","template":"","meta":{"footnotes":""},"class_list":["post-663","page","type-page","status-publish"],"_links":{"self":[{"href":"https:\/\/www.vigilanterodoviario.com.br\/retro\/wp-json\/wp\/v2\/pages\/663","targetHints":{"allow":["GET"]}}],"collection":[{"href":"https:\/\/www.vigilanterodoviario.com.br\/retro\/wp-json\/wp\/v2\/pages"}],"about":[{"href":"https:\/\/www.vigilanterodoviario.com.br\/retro\/wp-json\/wp\/v2\/types\/page"}],"author":[{"embeddable":true,"href":"https:\/\/www.vigilanterodoviario.com.br\/retro\/wp-json\/wp\/v2\/users\/2"}],"replies":[{"embeddable":true,"href":"https:\/\/www.vigilanterodoviario.com.br\/retro\/wp-json\/wp\/v2\/comments?post=663"}],"version-history":[{"count":1,"href":"https:\/\/www.vigilanterodoviario.com.br\/retro\/wp-json\/wp\/v2\/pages\/663\/revisions"}],"predecessor-version":[{"id":1324,"href":"https:\/\/www.vigilanterodoviario.com.br\/retro\/wp-json\/wp\/v2\/pages\/663\/revisions\/1324"}],"wp:attachment":[{"href":"https:\/\/www.vigilanterodoviario.com.br\/retro\/wp-json\/wp\/v2\/media?parent=663"}],"curies":[{"name":"wp","href":"https:\/\/api.w.org\/{rel}","templated":true}]}}