{"id":64,"date":"2015-10-08T12:18:58","date_gmt":"2015-10-08T12:18:58","guid":{"rendered":"http:\/\/www.vigilanterodoviario.com.br\/serie\/?page_id=64"},"modified":"2015-10-08T12:18:58","modified_gmt":"2015-10-08T12:18:58","slug":"a-escolha-do-cao-para-viver-o-lobo","status":"publish","type":"page","link":"https:\/\/www.vigilanterodoviario.com.br\/retro\/a-escolha-do-cao-para-viver-o-lobo\/","title":{"rendered":"A escolha do c\u00e3o para viver o &#8216;Lobo&#8217;"},"content":{"rendered":"<p><strong><em>Por Ary Fernandes<\/em><\/strong><\/p>\n<p>Estava na hora de arranjar o cachorro, sabia que teria que ser um cachorro especial, n\u00e3o poderia ser qualquer um, n\u00e3o para aquilo que eu imaginava. Tinha um amigo chamado Odoacro Gon\u00e7alves que era chefe do controle da Guarda Civil, ele me arranjava  os carros, ou melhor, as viaturas que precisava.<\/p>\n<p>Ele me disse que tinha um controlador que estava ali comissionado, era soldado da For\u00e7a P\u00fablica e se chamava Luiz Afonso, morava em Suzano e tinha um cachorro muito bonito. Pediu que conversasse com ele.  Fui procur\u00e1-lo em Suzano. Levamos uma perua e uma motocicleta Harley Davidson pilotada por um guarda rodovi\u00e1rio.<\/p>\n<p>Conheci o cachorro, que se chamava King. Foi amor \u00e0 primeira vista, adorei o cachorro e acho que ele tamb\u00e9m gostou de mim, mesmo porque sempre gostei de cachorros, sempre tive c\u00e3o em casa, tinha jeito para lidar com eles. O nome dele n\u00e3o me agradou, um seriado com um her\u00f3i genuinamente brasileiro n\u00e3o poderia ter um cachorro chamado King, ent\u00e3o mudei seu nome para Lobo, pois era universal, tinha em todas as partes do mundo, inclusive no Brasil temos o lobo-guar\u00e1.<\/p>\n<p>Perguntei o que o cachorro fazia, Luiz respondeu que ele pulava e sentava e me mostrou, pedindo ao c\u00e3o que fizesse isso.  Perguntei se ele andava na moto, Luiz disse que isso ele nunca havia feito, ent\u00e3o conduzi o cachorro at\u00e9 a moto e ele subiu sem que precis\u00e1ssemos mandar. <\/p>\n<p>Lobo era um c\u00e3o pequeno e cabia na moto, se fosse um pastor normal n\u00e3o caberia, at\u00e9 nisso demos sorte. Comecei a gostar e a achar que havia encontrado o que procurava. Em seguida fizemos o teste com a moto em movimento, pedi ao guarda que sa\u00edsse bem devagar e ele tamb\u00e9m foi bem.<\/p>\n<p>Eu fui com o carro atr\u00e1s filmando o teste. Esse sim seria um material raro se n\u00e3o tivesse se perdido: o teste do Lobo para a s\u00e9rie O Vigilante Rodovi\u00e1rio. Bem, Lobo estava aprovado e Luiz Afonso concordou na hora em ced\u00ea-lo.<\/p>\n<p>Interessante lembrar que n\u00e3o fiz teste com mais nenhum cachorro, Lobo foi o primeiro e \u00fanico.<\/p>\n","protected":false},"excerpt":{"rendered":"<p>Por Ary Fernandes Estava na hora de arranjar o cachorro, sabia que teria que ser um cachorro especial, n\u00e3o poderia ser qualquer um, n\u00e3o para aquilo que eu imaginava. Tinha um amigo chamado Odoacro Gon\u00e7alves que era chefe do controle da Guarda Civil, ele me arranjava os carros, ou melhor, as viaturas que precisava. Ele &#8230; <a title=\"A escolha do c\u00e3o para viver o &#8216;Lobo&#8217;\" class=\"read-more\" href=\"https:\/\/www.vigilanterodoviario.com.br\/retro\/a-escolha-do-cao-para-viver-o-lobo\/\">Acesse aqui<span class=\"screen-reader-text\">A escolha do c\u00e3o para viver o &#8216;Lobo&#8217;<\/span><\/a><\/p>\n","protected":false},"author":2,"featured_media":0,"parent":0,"menu_order":0,"comment_status":"closed","ping_status":"open","template":"","meta":{"footnotes":""},"class_list":["post-64","page","type-page","status-publish"],"_links":{"self":[{"href":"https:\/\/www.vigilanterodoviario.com.br\/retro\/wp-json\/wp\/v2\/pages\/64","targetHints":{"allow":["GET"]}}],"collection":[{"href":"https:\/\/www.vigilanterodoviario.com.br\/retro\/wp-json\/wp\/v2\/pages"}],"about":[{"href":"https:\/\/www.vigilanterodoviario.com.br\/retro\/wp-json\/wp\/v2\/types\/page"}],"author":[{"embeddable":true,"href":"https:\/\/www.vigilanterodoviario.com.br\/retro\/wp-json\/wp\/v2\/users\/2"}],"replies":[{"embeddable":true,"href":"https:\/\/www.vigilanterodoviario.com.br\/retro\/wp-json\/wp\/v2\/comments?post=64"}],"version-history":[{"count":0,"href":"https:\/\/www.vigilanterodoviario.com.br\/retro\/wp-json\/wp\/v2\/pages\/64\/revisions"}],"wp:attachment":[{"href":"https:\/\/www.vigilanterodoviario.com.br\/retro\/wp-json\/wp\/v2\/media?parent=64"}],"curies":[{"name":"wp","href":"https:\/\/api.w.org\/{rel}","templated":true}]}}