{"id":620,"date":"2016-09-23T01:11:53","date_gmt":"2016-09-23T01:11:53","guid":{"rendered":"http:\/\/www.vigilanterodoviario.com.br\/retro\/?page_id=620"},"modified":"2016-09-23T01:22:17","modified_gmt":"2016-09-23T01:22:17","slug":"esquadrao","status":"publish","type":"page","link":"https:\/\/www.vigilanterodoviario.com.br\/retro\/esquadrao\/","title":{"rendered":"Esquadr\u00e3o"},"content":{"rendered":"<p><strong>Esquadr\u00e3o \u00c1guias de Fogo<\/strong>:<\/p>\n<p><div class='content-column one_half'><a href=\"http:\/\/www.vigilanterodoviario.com.br\/aguiasdefogo\/4aguias2.jpg\"><img decoding=\"async\" src=\"http:\/\/www.vigilanterodoviario.com.br\/aguiasdefogo\/4aguias2.jpg\" width=\"300\" class=\"alignleft\" \/><\/a><\/div><div class='content-column one_half last_column'><a href=\"http:\/\/www.vigilanterodoviario.com.br\/aguiasdefogo\/wpe37381.JPG\"><img loading=\"lazy\" decoding=\"async\" src=\"http:\/\/www.vigilanterodoviario.com.br\/aguiasdefogo\/wpe37381.JPG\" width=\"320\" height=\"240\" alt=\"Dirceu  Conte (Major Ricardo)\" class=\"aligncenter\" \/><\/a><center>Dirceu  Conte (Major Ricardo)<\/center><\/div><div class='clear_column'><\/div><\/p>\n<p><div class='content-column one_half'><a href=\"http:\/\/www.vigilanterodoviario.com.br\/aguiasdefogo\/wpe37380.JPG\"><img loading=\"lazy\" decoding=\"async\" src=\"http:\/\/www.vigilanterodoviario.com.br\/aguiasdefogo\/wpe37380.JPG\" width=\"315\" height=\"240\" alt=\"Ary Fernandes (Capit\u00e3o C\u00e9sar)\" class=\"aligncenter\" \/><\/a><center>Ary Fernandes (Capit\u00e3o C\u00e9sar)<\/center><\/div><div class='content-column one_half last_column'><a href=\"http:\/\/www.vigilanterodoviario.com.br\/aguiasdefogo\/wpe37382.JPG\"><img loading=\"lazy\" decoding=\"async\" src=\"http:\/\/www.vigilanterodoviario.com.br\/aguiasdefogo\/wpe37382.JPG\" width=\"320\" height=\"240\" alt=\"Roberto Bolant (Aspirante F\u00e1bio)\" class=\"aligncenter\" \/><\/a><center>Roberto Bolant (Aspirante F\u00e1bio)<\/center><\/div><div class='clear_column'><\/div><\/p>\n<p><div class='content-column one_half'><a href=\"http:\/\/www.vigilanterodoviario.com.br\/aguiasdefogo\/wpe37383.JPG\"><img loading=\"lazy\" decoding=\"async\" src=\"http:\/\/www.vigilanterodoviario.com.br\/aguiasdefogo\/wpe37383.JPG\" width=\"320\" height=\"240\" alt=\"Edson Pereira (Sargento Fritz)\" class=\"aligncenter\" \/><\/a><center>Edson Pereira (Sargento Fritz)<\/center><\/div><div class='content-column one_half last_column'><a href=\"http:\/\/www.vigilanterodoviario.com.br\/aguiasdefogo\/wpe37385.JPG\"><img loading=\"lazy\" decoding=\"async\" src=\"http:\/\/www.vigilanterodoviario.com.br\/aguiasdefogo\/wpe37385.JPG\" width=\"320\" height=\"240\" class=\"aligncenter\" \/><\/a><\/div><div class='clear_column'><\/div><\/p>\n","protected":false},"excerpt":{"rendered":"<p>Esquadr\u00e3o \u00c1guias de Fogo:<\/p>\n","protected":false},"author":2,"featured_media":0,"parent":0,"menu_order":0,"comment_status":"closed","ping_status":"closed","template":"","meta":{"footnotes":""},"class_list":["post-620","page","type-page","status-publish"],"_links":{"self":[{"href":"https:\/\/www.vigilanterodoviario.com.br\/retro\/wp-json\/wp\/v2\/pages\/620","targetHints":{"allow":["GET"]}}],"collection":[{"href":"https:\/\/www.vigilanterodoviario.com.br\/retro\/wp-json\/wp\/v2\/pages"}],"about":[{"href":"https:\/\/www.vigilanterodoviario.com.br\/retro\/wp-json\/wp\/v2\/types\/page"}],"author":[{"embeddable":true,"href":"https:\/\/www.vigilanterodoviario.com.br\/retro\/wp-json\/wp\/v2\/users\/2"}],"replies":[{"embeddable":true,"href":"https:\/\/www.vigilanterodoviario.com.br\/retro\/wp-json\/wp\/v2\/comments?post=620"}],"version-history":[{"count":0,"href":"https:\/\/www.vigilanterodoviario.com.br\/retro\/wp-json\/wp\/v2\/pages\/620\/revisions"}],"wp:attachment":[{"href":"https:\/\/www.vigilanterodoviario.com.br\/retro\/wp-json\/wp\/v2\/media?parent=620"}],"curies":[{"name":"wp","href":"https:\/\/api.w.org\/{rel}","templated":true}]}}