{"id":437,"date":"2016-09-16T14:35:27","date_gmt":"2016-09-16T14:35:27","guid":{"rendered":"http:\/\/www.vigilanterodoviario.com.br\/retro\/?page_id=437"},"modified":"2016-09-16T19:52:58","modified_gmt":"2016-09-16T19:52:58","slug":"lancamento-livro","status":"publish","type":"page","link":"https:\/\/www.vigilanterodoviario.com.br\/retro\/lancamento-livro\/","title":{"rendered":"Lan\u00e7amento Livro"},"content":{"rendered":"<p><iframe loading=\"lazy\" width=\"600\" height=\"315\" src=\"https:\/\/www.youtube.com\/embed\/Rulsw8iWt8o\" frameborder=\"0\" allowfullscreen><\/iframe><br \/>\n<strong>Imagens da 30\u00aa Mostra Internacional de Cinema de S\u00e3o Paulo<\/strong><\/p>\n<p>\t<video id=\"wp_mep_1\" src=\"http:\/\/www.vigilanterodoviario.com.br\/Programa_Metropolis_02-11-2006.wmv\" type=\"video\/wmv\" width=\"590\" height=\"330\" poster=\"http:\/\/www.vigilanterodoviario.com.br\/retro\/wp-content\/uploads\/2016\/09\/122969.jpg\" controls=\"controls\" preload=\"true\" autoplay=\"false\" >\r\n\t\t\r\n\t\t\r\n\t\t\r\n\t\t\r\n\t\t\r\n\t\t\r\n\t\t\r\n\t<\/video>\r\n<script type=\"text\/javascript\">\r\njQuery(document).ready(function($) {\r\n\t$('#wp_mep_1').mediaelementplayer({\r\n\t\tm:1\r\n\t\t\r\n\t\t,features: ['playpause','current','progress','duration','volume','tracks','fullscreen']\r\n\t\t\r\n\t});\r\n});\r\n<\/script>\r\n<br \/>\n<strong>Programa Metr\u00f3polis &#8211; 02\/11\/2006 &#8211; TV CULTURA<br \/>\nLan\u00e7amento do livro biogr\u00e1fico pela Cole\u00e7\u00e3o Aplauso 25\/10\/2006<\/strong><\/p>\n<p>\t<video id=\"wp_mep_2\" src=\"http:\/\/www.vigilanterodoviario.com.br\/Eva_Wilma_Betty_Faria.wmv\" type=\"video\/wmv\" width=\"590\" height=\"330\" poster=\"http:\/\/www.vigilanterodoviario.com.br\/retro\/wp-content\/uploads\/2016\/09\/122969a.jpg\" controls=\"controls\" preload=\"true\" autoplay=\"false\" >\r\n\t\t\r\n\t\t\r\n\t\t\r\n\t\t\r\n\t\t\r\n\t\t\r\n\t\t\r\n\t<\/video>\r\n<script type=\"text\/javascript\">\r\njQuery(document).ready(function($) {\r\n\t$('#wp_mep_2').mediaelementplayer({\r\n\t\tm:1\r\n\t\t\r\n\t\t,features: ['playpause','current','progress','duration','volume','tracks','fullscreen']\r\n\t\t\r\n\t});\r\n});\r\n<\/script>\r\n<br \/>\n<strong>Lan\u00e7amento do livro biogr\u00e1fico pela Cole\u00e7\u00e3o Aplauso &#8211;  25\/10\/2006 &#8211; Eva Wilma e Betty Faria<\/strong><\/p>\n<p>\t<video id=\"wp_mep_3\" src=\"http:\/\/www.vigilanterodoviario.com.br\/Ary_Fontoura_Silvio_de_Abreu.wmv\" type=\"video\/wmv\" width=\"590\" height=\"330\" poster=\"http:\/\/www.vigilanterodoviario.com.br\/retro\/wp-content\/uploads\/2016\/09\/122969b.jpg\" controls=\"controls\" preload=\"true\" autoplay=\"false\" >\r\n\t\t\r\n\t\t\r\n\t\t\r\n\t\t\r\n\t\t\r\n\t\t\r\n\t\t\r\n\t<\/video>\r\n<script type=\"text\/javascript\">\r\njQuery(document).ready(function($) {\r\n\t$('#wp_mep_3').mediaelementplayer({\r\n\t\tm:1\r\n\t\t\r\n\t\t,features: ['playpause','current','progress','duration','volume','tracks','fullscreen']\r\n\t\t\r\n\t});\r\n});\r\n<\/script>\r\n<br \/>\n<strong>Lan\u00e7amento do livro biogr\u00e1fico pela Cole\u00e7\u00e3o Aplauso &#8211; 25\/10\/2006 &#8211; Ary Fontoura e Silvio de Abreu<\/strong><\/p>\n<p><iframe loading=\"lazy\" width=\"600\" height=\"315\" src=\"https:\/\/www.youtube.com\/embed\/QfxFa23gyE4\" frameborder=\"0\" allowfullscreen><\/iframe><br \/>\n<strong>Lan\u00e7amento do livro biogr\u00e1fico pela Cole\u00e7\u00e3o Aplauso &#8211; 25\/10\/2006<\/strong><\/p>\n","protected":false},"excerpt":{"rendered":"<p>Imagens da 30\u00aa Mostra Internacional de Cinema de S\u00e3o Paulo Programa Metr\u00f3polis &#8211; 02\/11\/2006 &#8211; TV CULTURA Lan\u00e7amento do livro biogr\u00e1fico pela Cole\u00e7\u00e3o Aplauso 25\/10\/2006 Lan\u00e7amento do livro biogr\u00e1fico pela Cole\u00e7\u00e3o Aplauso &#8211; 25\/10\/2006 &#8211; Eva Wilma e Betty Faria Lan\u00e7amento do livro biogr\u00e1fico pela Cole\u00e7\u00e3o Aplauso &#8211; 25\/10\/2006 &#8211; Ary Fontoura e Silvio de &#8230; <a title=\"Lan\u00e7amento Livro\" class=\"read-more\" href=\"https:\/\/www.vigilanterodoviario.com.br\/retro\/lancamento-livro\/\">Acesse aqui<span class=\"screen-reader-text\">Lan\u00e7amento Livro<\/span><\/a><\/p>\n","protected":false},"author":2,"featured_media":0,"parent":0,"menu_order":0,"comment_status":"closed","ping_status":"closed","template":"","meta":{"footnotes":""},"class_list":["post-437","page","type-page","status-publish"],"_links":{"self":[{"href":"https:\/\/www.vigilanterodoviario.com.br\/retro\/wp-json\/wp\/v2\/pages\/437","targetHints":{"allow":["GET"]}}],"collection":[{"href":"https:\/\/www.vigilanterodoviario.com.br\/retro\/wp-json\/wp\/v2\/pages"}],"about":[{"href":"https:\/\/www.vigilanterodoviario.com.br\/retro\/wp-json\/wp\/v2\/types\/page"}],"author":[{"embeddable":true,"href":"https:\/\/www.vigilanterodoviario.com.br\/retro\/wp-json\/wp\/v2\/users\/2"}],"replies":[{"embeddable":true,"href":"https:\/\/www.vigilanterodoviario.com.br\/retro\/wp-json\/wp\/v2\/comments?post=437"}],"version-history":[{"count":0,"href":"https:\/\/www.vigilanterodoviario.com.br\/retro\/wp-json\/wp\/v2\/pages\/437\/revisions"}],"wp:attachment":[{"href":"https:\/\/www.vigilanterodoviario.com.br\/retro\/wp-json\/wp\/v2\/media?parent=437"}],"curies":[{"name":"wp","href":"https:\/\/api.w.org\/{rel}","templated":true}]}}