{"id":375,"date":"2016-09-13T01:27:17","date_gmt":"2016-09-13T01:27:17","guid":{"rendered":"http:\/\/www.vigilanterodoviario.com.br\/retro\/?page_id=375"},"modified":"2016-09-13T01:28:16","modified_gmt":"2016-09-13T01:28:16","slug":"evento","status":"publish","type":"page","link":"https:\/\/www.vigilanterodoviario.com.br\/retro\/evento\/","title":{"rendered":"Evento"},"content":{"rendered":"<p><div class='content-column one_third'><a href=\"http:\/\/www.vigilanterodoviario.com.br\/aryfernandes\/rubenseary.jpg\"><img decoding=\"async\" src=\"http:\/\/www.vigilanterodoviario.com.br\/aryfernandes\/rubenseary.jpg\" width=\"280\" alt=\"Noite de Aut\u00f3grafos do Escritor Ant\u00f4nio Le\u00e3o  Ary sendo cumprimentado por Rubens Edwald Filho\" class=\"alignleft\" \/><\/a><\/div><div class='content-column one_third'><a href=\"http:\/\/www.vigilanterodoviario.com.br\/aryfernandes\/rubenseary1.jpg\"><img decoding=\"async\" src=\"http:\/\/www.vigilanterodoviario.com.br\/aryfernandes\/rubenseary1.jpg\" width=\"280\" alt=\"Noite de Aut\u00f3grafos do Escritor Ant\u00f4nio Le\u00e3o  Ary e seu amigo, o Cineasta Glauco Mirko Laureli\" class=\"alignleft\" \/><\/a><\/div><div class='content-column one_third last_column'><a href=\"http:\/\/www.vigilanterodoviario.com.br\/aryfernandes\/rubenseary2.jpg\"><img decoding=\"async\" src=\"http:\/\/www.vigilanterodoviario.com.br\/aryfernandes\/rubenseary2.jpg\" width=\"280\" alt=\"Noite de Aut\u00f3grafos do Escritor Ant\u00f4nio Le\u00e3o  Ary e seu amigo, o Cineasta Glauco Mirko Laureli\" class=\"alignleft\" \/><\/a><\/div><div class='clear_column'><\/div><div class='content-column one_third'><a href=\"http:\/\/www.vigilanterodoviario.com.br\/aryfernandes\/rubenseary3.jpg\"><img decoding=\"async\" src=\"http:\/\/www.vigilanterodoviario.com.br\/aryfernandes\/rubenseary3.jpg\" width=\"280\" alt=\"Noite de Aut\u00f3grafos do Escritor Ant\u00f4nio Le\u00e3o  O escrito Ant\u00f4nio Le\u00e3o cumprimentando seu amigo Ary Fernandes\" class=\"alignleft\" \/><\/a><\/div><div class='content-column one_third'><a href=\"http:\/\/www.vigilanterodoviario.com.br\/aryfernandes\/rubenseary4.jpg\"><img decoding=\"async\" src=\"http:\/\/www.vigilanterodoviario.com.br\/aryfernandes\/rubenseary4.jpg\" width=\"280\" alt=\"oite de Aut\u00f3grafos do Escritor Ant\u00f4nio Le\u00e3o  O escrito Ant\u00f4nio Le\u00e3o autografando para Ary Fernandes\" class=\"alignleft\" \/><\/a><\/div><div class='content-column one_third last_column'><a href=\"http:\/\/www.vigilanterodoviario.com.br\/aryfernandes\/rubenseary5.jpg\"><img decoding=\"async\" src=\"http:\/\/www.vigilanterodoviario.com.br\/aryfernandes\/rubenseary5.jpg\" width=\"280\" alt=\"Noite de Aut\u00f3grafos do Escritor Ant\u00f4nio Le\u00e3o  O encontro dos cineastas:  Glauco Mirko Laureli, Jos\u00e9 Mojica e Ary Fernandes\" class=\"alignleft\" \/><\/a><\/div><div class='clear_column'><\/div><\/p>\n","protected":false},"excerpt":{"rendered":"","protected":false},"author":2,"featured_media":0,"parent":0,"menu_order":0,"comment_status":"closed","ping_status":"closed","template":"page-template-full.php","meta":{"footnotes":""},"class_list":["post-375","page","type-page","status-publish"],"_links":{"self":[{"href":"https:\/\/www.vigilanterodoviario.com.br\/retro\/wp-json\/wp\/v2\/pages\/375","targetHints":{"allow":["GET"]}}],"collection":[{"href":"https:\/\/www.vigilanterodoviario.com.br\/retro\/wp-json\/wp\/v2\/pages"}],"about":[{"href":"https:\/\/www.vigilanterodoviario.com.br\/retro\/wp-json\/wp\/v2\/types\/page"}],"author":[{"embeddable":true,"href":"https:\/\/www.vigilanterodoviario.com.br\/retro\/wp-json\/wp\/v2\/users\/2"}],"replies":[{"embeddable":true,"href":"https:\/\/www.vigilanterodoviario.com.br\/retro\/wp-json\/wp\/v2\/comments?post=375"}],"version-history":[{"count":0,"href":"https:\/\/www.vigilanterodoviario.com.br\/retro\/wp-json\/wp\/v2\/pages\/375\/revisions"}],"wp:attachment":[{"href":"https:\/\/www.vigilanterodoviario.com.br\/retro\/wp-json\/wp\/v2\/media?parent=375"}],"curies":[{"name":"wp","href":"https:\/\/api.w.org\/{rel}","templated":true}]}}