{"id":365,"date":"2016-09-13T01:12:25","date_gmt":"2016-09-13T01:12:25","guid":{"rendered":"http:\/\/www.vigilanterodoviario.com.br\/retro\/?page_id=365"},"modified":"2016-09-13T01:12:25","modified_gmt":"2016-09-13T01:12:25","slug":"palestra","status":"publish","type":"page","link":"https:\/\/www.vigilanterodoviario.com.br\/retro\/palestra\/","title":{"rendered":"Palestra"},"content":{"rendered":"<p><div class='content-column one_half'><a href=\"http:\/\/www.vigilanterodoviario.com.br\/aryfernandes\/filmografiaary3.jpg\"><img decoding=\"async\" src=\"http:\/\/www.vigilanterodoviario.com.br\/aryfernandes\/filmografiaary3.jpg\" width=\"280\" alt=\"Palestra para os Colecionadores de filmes 16MM  Ary entre o radialista Geraldo Nunes (R\u00e1dio Eldorado) e o Escritor Ant\u00f4nio Le\u00e3o\" class=\"alignleft\" \/><\/a><\/div><div class='content-column one_half last_column'><a href=\"http:\/\/www.vigilanterodoviario.com.br\/aryfernandes\/filmografiaary2.jpg\"><img decoding=\"async\" src=\"http:\/\/www.vigilanterodoviario.com.br\/aryfernandes\/filmografiaary2.jpg\" width=\"280\" alt=\"Palestra para os Colecionadores de filmes 16MM  Ator Francisco Di Franco, Ary e Archimedes Lombardi\" class=\"alignleft\" \/><\/a><\/div><div class='clear_column'><\/div><div class='content-column one_half'><a href=\"http:\/\/www.vigilanterodoviario.com.br\/aryfernandes\/filmografiaary1.jpg\"><img decoding=\"async\" src=\"http:\/\/www.vigilanterodoviario.com.br\/aryfernandes\/filmografiaary1.jpg\" width=\"280\" alt=\"Palestra para os Colecionadores de filmes 16MM  Ary e o ator Francisco Di Franco\" class=\"alignleft\" \/><\/a><\/div><div class='content-column one_half last_column'><a href=\"http:\/\/www.vigilanterodoviario.com.br\/aryfernandes\/filmografiaary4.jpg\"><img decoding=\"async\" src=\"http:\/\/www.vigilanterodoviario.com.br\/aryfernandes\/filmografiaary4.jpg\" width=\"280\" alt=\"Palestra para os Colecionadores de filmes 16MM\" class=\"alignleft\" \/><\/a><\/div><div class='clear_column'><\/div><\/p>\n","protected":false},"excerpt":{"rendered":"","protected":false},"author":2,"featured_media":0,"parent":0,"menu_order":0,"comment_status":"closed","ping_status":"closed","template":"page-template-full.php","meta":{"footnotes":""},"class_list":["post-365","page","type-page","status-publish"],"_links":{"self":[{"href":"https:\/\/www.vigilanterodoviario.com.br\/retro\/wp-json\/wp\/v2\/pages\/365","targetHints":{"allow":["GET"]}}],"collection":[{"href":"https:\/\/www.vigilanterodoviario.com.br\/retro\/wp-json\/wp\/v2\/pages"}],"about":[{"href":"https:\/\/www.vigilanterodoviario.com.br\/retro\/wp-json\/wp\/v2\/types\/page"}],"author":[{"embeddable":true,"href":"https:\/\/www.vigilanterodoviario.com.br\/retro\/wp-json\/wp\/v2\/users\/2"}],"replies":[{"embeddable":true,"href":"https:\/\/www.vigilanterodoviario.com.br\/retro\/wp-json\/wp\/v2\/comments?post=365"}],"version-history":[{"count":0,"href":"https:\/\/www.vigilanterodoviario.com.br\/retro\/wp-json\/wp\/v2\/pages\/365\/revisions"}],"wp:attachment":[{"href":"https:\/\/www.vigilanterodoviario.com.br\/retro\/wp-json\/wp\/v2\/media?parent=365"}],"curies":[{"name":"wp","href":"https:\/\/api.w.org\/{rel}","templated":true}]}}