{"id":358,"date":"2016-09-13T01:00:09","date_gmt":"2016-09-13T01:00:09","guid":{"rendered":"http:\/\/www.vigilanterodoviario.com.br\/retro\/?page_id=358"},"modified":"2025-02-17T17:12:21","modified_gmt":"2025-02-17T17:12:21","slug":"procitel","status":"publish","type":"page","link":"https:\/\/www.vigilanterodoviario.com.br\/retro\/procitel\/","title":{"rendered":"Procitel"},"content":{"rendered":"<p>Todos direitos da marca &#8220;VIGILANTE RODOVI\u00c1RIO\u00ae&#8221; est\u00e3o registrados no INPI (Instituto Nacional de Propriedade Industrial), em nome da <a href=\"https:\/\/pt.wikipedia.org\/wiki\/Ary_Fernandes\">PROCITEL- Produ\u00e7\u00f5es Cine Televis\u00e3o Ltda<\/a>. Os direitos de autor da s\u00e9rie do&#8221;VIGILANTE RODOVI\u00c1RIO\u00ae&#8221; e da &#8220;CAN\u00c7\u00c3O TEMA&#8221; s\u00e3o reservados a Ary Fernandes. Os direitos de autor da s\u00e9rie do &#8220;\u00c1GUIAS DE FOGO&#8221; s\u00e3o reservados a Ary Fernandes. Certificado de Registro da Marca Vigilante Rodovi\u00e1rio\u00ae N\u00f8 820670014. Ary Fernandes e PROCITEL &#8211; Todos os direitos reservados.<\/p>\n<p><center><div class='content-column one_half'><a href=\"http:\/\/www.vigilanterodoviario.com.br\/aryfernandes\/escritorio3.jpg\"><img decoding=\"async\" class=\"alignleft\" src=\"http:\/\/www.vigilanterodoviario.com.br\/aryfernandes\/escritorio3.jpg\" alt=\"Procitel - Produ\u00e7\u00f5es Cine TV Ltda.\" width=\"280\" \/><\/a><\/div><div class='content-column one_half last_column'><a href=\"http:\/\/www.vigilanterodoviario.com.br\/aryfernandes\/recente.jpg\"><img decoding=\"async\" class=\"alignleft\" src=\"http:\/\/www.vigilanterodoviario.com.br\/aryfernandes\/recente.jpg\" alt=\"Procitel - Produ\u00e7\u00f5es Cine TV Ltda\" width=\"280\" \/><\/a><\/div><div class='clear_column'><\/div><div class='content-column one_half'><a href=\"http:\/\/www.vigilanterodoviario.com.br\/aryfernandes\/escritorio2.jpg\"><img decoding=\"async\" class=\"alignleft\" src=\"http:\/\/www.vigilanterodoviario.com.br\/aryfernandes\/escritorio2.jpg\" alt=\"Procitel - Produ\u00e7\u00f5es Cine TV Ltda\" width=\"280\" \/><\/a><\/div><div class='content-column one_half last_column'><a href=\"http:\/\/www.vigilanterodoviario.com.br\/aryfernandes\/escritorio1.jpg\"><img decoding=\"async\" class=\"alignleft\" src=\"http:\/\/www.vigilanterodoviario.com.br\/aryfernandes\/escritorio1.jpg\" alt=\"Procitel - Produ\u00e7\u00f5es Cine TV Ltda\" width=\"280\" \/><\/a><\/div><div class='clear_column'><\/div><\/center><\/p>\n","protected":false},"excerpt":{"rendered":"<p>Todos direitos da marca &#8220;VIGILANTE RODOVI\u00c1RIO\u00ae&#8221; est\u00e3o registrados no INPI (Instituto Nacional de Propriedade Industrial), em nome da PROCITEL- Produ\u00e7\u00f5es Cine Televis\u00e3o Ltda. Os direitos de autor da s\u00e9rie do&#8221;VIGILANTE RODOVI\u00c1RIO\u00ae&#8221; e da &#8220;CAN\u00c7\u00c3O TEMA&#8221; s\u00e3o reservados a Ary Fernandes. Os direitos de autor da s\u00e9rie do &#8220;\u00c1GUIAS DE FOGO&#8221; s\u00e3o reservados a Ary Fernandes. &#8230; <a title=\"Procitel\" class=\"read-more\" href=\"https:\/\/www.vigilanterodoviario.com.br\/retro\/procitel\/\">Acesse aqui<span class=\"screen-reader-text\">Procitel<\/span><\/a><\/p>\n","protected":false},"author":2,"featured_media":0,"parent":0,"menu_order":0,"comment_status":"closed","ping_status":"closed","template":"","meta":{"footnotes":""},"class_list":["post-358","page","type-page","status-publish"],"_links":{"self":[{"href":"https:\/\/www.vigilanterodoviario.com.br\/retro\/wp-json\/wp\/v2\/pages\/358","targetHints":{"allow":["GET"]}}],"collection":[{"href":"https:\/\/www.vigilanterodoviario.com.br\/retro\/wp-json\/wp\/v2\/pages"}],"about":[{"href":"https:\/\/www.vigilanterodoviario.com.br\/retro\/wp-json\/wp\/v2\/types\/page"}],"author":[{"embeddable":true,"href":"https:\/\/www.vigilanterodoviario.com.br\/retro\/wp-json\/wp\/v2\/users\/2"}],"replies":[{"embeddable":true,"href":"https:\/\/www.vigilanterodoviario.com.br\/retro\/wp-json\/wp\/v2\/comments?post=358"}],"version-history":[{"count":2,"href":"https:\/\/www.vigilanterodoviario.com.br\/retro\/wp-json\/wp\/v2\/pages\/358\/revisions"}],"predecessor-version":[{"id":1500,"href":"https:\/\/www.vigilanterodoviario.com.br\/retro\/wp-json\/wp\/v2\/pages\/358\/revisions\/1500"}],"wp:attachment":[{"href":"https:\/\/www.vigilanterodoviario.com.br\/retro\/wp-json\/wp\/v2\/media?parent=358"}],"curies":[{"name":"wp","href":"https:\/\/api.w.org\/{rel}","templated":true}]}}