{"id":348,"date":"2016-09-08T21:49:27","date_gmt":"2016-09-08T21:49:27","guid":{"rendered":"http:\/\/www.vigilanterodoviario.com.br\/retro\/?page_id=348"},"modified":"2016-09-08T22:10:39","modified_gmt":"2016-09-08T22:10:39","slug":"dublagem","status":"publish","type":"page","link":"https:\/\/www.vigilanterodoviario.com.br\/retro\/dublagem\/","title":{"rendered":"Dublagem"},"content":{"rendered":"<p><div class='content-column one_half'><a href=\"http:\/\/www.vigilanterodoviario.com.br\/aryfernandes\/untitled.jpg\"><img decoding=\"async\" src=\"http:\/\/www.vigilanterodoviario.com.br\/aryfernandes\/untitled.jpg\" width=\"280\" alt=\"A vIdA mOdErNa De RoCkO  Ary \u00e9 o dublador brasileiro do personagem  protagonista \"Rocko\", da s\u00e9rie de desenhos animados:  A vIdA mOdErNa De RoCkO\" class=\"alignleft\" \/><\/a><\/div><div class='content-column one_half last_column'><a href=\"http:\/\/www.vigilanterodoviario.com.br\/aryfernandes\/albion001.jpg\"><img decoding=\"async\" src=\"http:\/\/www.vigilanterodoviario.com.br\/aryfernandes\/albion001.jpg\" width=\"280\" alt=\"Albion de Cefeu  Dublagem da 1\u00aa Vers\u00e3o (Gota M\u00e1gica) do  Mestre Albion de Cefeu, em 1994 para a s\u00e9rie de animes:  \"Os Cavaleiros do Zod\u00edaco\"\" class=\"alignleft\" \/><\/a><\/div><div class='clear_column'><\/div><div class='content-column one_half'><a href=\"http:\/\/www.vigilanterodoviario.com.br\/aryfernandes\/good-will-hunting-dvd-cover.jpg\"><img decoding=\"async\" src=\"http:\/\/www.vigilanterodoviario.com.br\/aryfernandes\/good-will-hunting-dvd-cover.jpg\" width=\"280\" alt=\"G\u00eanio Indom\u00e1vel_\"Good Will Hunting\"  Ary Fernandes dublou o ator George Plimpton,  contracenando com Matt Damon,  neste longa-metragem.\" class=\"alignleft\" \/><\/a><\/div><div class='content-column one_half last_column'><a href=\"http:\/\/www.vigilanterodoviario.com.br\/aryfernandes\/glass_house.jpg\"><img decoding=\"async\" src=\"http:\/\/www.vigilanterodoviario.com.br\/aryfernandes\/glass_house.jpg\" width=\"280\" alt=\"A Casa de Vidro -\"The Glass of House\"  Ary Fernandes, dublou o Policial\" class=\"alignleft\" \/><\/a><\/div><div class='clear_column'><\/div><div class='content-column one_half'><a href=\"http:\/\/www.vigilanterodoviario.com.br\/aryfernandes\/dublagem1.jpg\"><img decoding=\"async\" src=\"http:\/\/www.vigilanterodoviario.com.br\/aryfernandes\/dublagem1.jpg\" width=\"280\" alt=\"Dubladores unidos!\" class=\"alignleft\" \/><\/a><\/div><div class='content-column one_half last_column'><a href=\"http:\/\/www.vigilanterodoviario.com.br\/aryfernandes\/dublagem2.jpg\"><img decoding=\"async\" src=\"http:\/\/www.vigilanterodoviario.com.br\/aryfernandes\/dublagem2.jpg\" width=\"280\" alt=\"Dubladores unidos!\" class=\"alignleft\" \/><\/a><\/div><div class='clear_column'><\/div><\/p>\n","protected":false},"excerpt":{"rendered":"","protected":false},"author":2,"featured_media":0,"parent":0,"menu_order":0,"comment_status":"closed","ping_status":"closed","template":"page-template-full.php","meta":{"footnotes":""},"class_list":["post-348","page","type-page","status-publish"],"_links":{"self":[{"href":"https:\/\/www.vigilanterodoviario.com.br\/retro\/wp-json\/wp\/v2\/pages\/348","targetHints":{"allow":["GET"]}}],"collection":[{"href":"https:\/\/www.vigilanterodoviario.com.br\/retro\/wp-json\/wp\/v2\/pages"}],"about":[{"href":"https:\/\/www.vigilanterodoviario.com.br\/retro\/wp-json\/wp\/v2\/types\/page"}],"author":[{"embeddable":true,"href":"https:\/\/www.vigilanterodoviario.com.br\/retro\/wp-json\/wp\/v2\/users\/2"}],"replies":[{"embeddable":true,"href":"https:\/\/www.vigilanterodoviario.com.br\/retro\/wp-json\/wp\/v2\/comments?post=348"}],"version-history":[{"count":0,"href":"https:\/\/www.vigilanterodoviario.com.br\/retro\/wp-json\/wp\/v2\/pages\/348\/revisions"}],"wp:attachment":[{"href":"https:\/\/www.vigilanterodoviario.com.br\/retro\/wp-json\/wp\/v2\/media?parent=348"}],"curies":[{"name":"wp","href":"https:\/\/api.w.org\/{rel}","templated":true}]}}