{"id":331,"date":"2016-08-30T22:02:45","date_gmt":"2016-08-30T22:02:45","guid":{"rendered":"http:\/\/www.vigilanterodoviario.com.br\/retro\/?page_id=331"},"modified":"2016-09-08T20:50:55","modified_gmt":"2016-09-08T20:50:55","slug":"bastidores","status":"publish","type":"page","link":"https:\/\/www.vigilanterodoviario.com.br\/retro\/bastidores\/","title":{"rendered":"Bastidores"},"content":{"rendered":"<p><div class='content-column one_third'><a href=\"http:\/\/www.vigilanterodoviario.com.br\/aryfernandes\/Ary%20em%20sua%20Corvette.JPG\"><img decoding=\"async\" src=\"http:\/\/www.vigilanterodoviario.com.br\/aryfernandes\/Ary%20em%20sua%20Corvette.JPG\" width=\"280\" alt=\"Ary em sua Corvette em cena.\" class=\"alignleft\" \/><\/a><\/div><div class='content-column one_third'><a href=\"http:\/\/www.vigilanterodoviario.com.br\/aryfernandes\/ary19.jpg\"><img decoding=\"async\" src=\"http:\/\/www.vigilanterodoviario.com.br\/aryfernandes\/ary19.jpg\" width=\"280\" alt=\"Vigilante Rodovi\u00e1rio\u00ae 1961  Bastidores dirigindo cena de luta , com Vigilante Carlos\" class=\"alignleft\" \/><\/a><\/div><div class='content-column one_third last_column'><a href=\"http:\/\/www.vigilanterodoviario.com.br\/aryfernandes\/~LWF0021.jpg\"><img decoding=\"async\" src=\"http:\/\/www.vigilanterodoviario.com.br\/aryfernandes\/~LWF0021.jpg\" width=\"280\" alt=\"Vigilante Rodovi\u00e1rio\u00ae 1978 - Bastidores dirigindo cena de luta. Ant\u00f4nio Fonzar, como Vigilante Carlos\" class=\"alignleft\" \/><\/a><\/div><div class='clear_column'><\/div><div class='content-column one_third'><a href=\"http:\/\/www.vigilanterodoviario.com.br\/aryfernandes\/LWF00019.jpg\"><img decoding=\"async\" src=\"http:\/\/www.vigilanterodoviario.com.br\/aryfernandes\/LWF00019.jpg\" width=\"280\" alt=\"Est\u00fadios da Maristela  Assistente de dire\u00e7\u00e3o. Ingresso no cinema\" class=\"alignleft\" \/><\/a><\/div><div class='content-column one_third'><a href=\"http:\/\/www.vigilanterodoviario.com.br\/aryfernandes\/arifilmando.jpg\"><img decoding=\"async\" src=\"http:\/\/www.vigilanterodoviario.com.br\/aryfernandes\/arifilmando.jpg\" width=\"280\" alt=\"Bastidores\" class=\"alignleft\" \/><\/a><\/div><div class='content-column one_third last_column'><a href=\"http:\/\/www.vigilanterodoviario.com.br\/aryfernandes\/ary.jpg\"><img decoding=\"async\" src=\"http:\/\/www.vigilanterodoviario.com.br\/aryfernandes\/ary.jpg\" width=\"280\" alt=\"Vigilante Rodovi\u00e1rio\u00ae 1961  Bastidores\" class=\"alignleft\" \/><\/a><\/div><div class='clear_column'><\/div><div class='content-column one_third'><a href=\"http:\/\/www.vigilanterodoviario.com.br\/aryfernandes\/4832.jpg\"><img decoding=\"async\" src=\"http:\/\/www.vigilanterodoviario.com.br\/aryfernandes\/4832.jpg\" width=\"280\" alt=\"Vigilante Rodovi\u00e1rio\u00ae 1961  Na foto, Rosa Maria Murtinho\" class=\"alignleft\" \/><\/a><\/div><div class='content-column one_third'><a href=\"http:\/\/www.vigilanterodoviario.com.br\/aryfernandes\/cassinopaidirigindo.jpg\"><img decoding=\"async\" src=\"http:\/\/www.vigilanterodoviario.com.br\/aryfernandes\/cassinopaidirigindo.jpg\" width=\"280\" alt=\"O Cassino\" class=\"alignleft\" \/><\/a><\/div><div class='content-column one_third last_column'><a href=\"http:\/\/www.vigilanterodoviario.com.br\/aryfernandes\/ary_fonzar1.jpg\"><img decoding=\"async\" src=\"http:\/\/www.vigilanterodoviario.com.br\/aryfernandes\/ary_fonzar1.jpg\" width=\"280\" alt=\"Vigilante Rodovi\u00e1rio\u00ae 1978\" class=\"alignleft\" \/><\/a><\/div><div class='clear_column'><\/div><div class='content-column one_third'><a href=\"http:\/\/www.vigilanterodoviario.com.br\/aryfernandes\/ary_fonzar2.jpg\"><img decoding=\"async\" src=\"http:\/\/www.vigilanterodoviario.com.br\/aryfernandes\/ary_fonzar2.jpg\" width=\"280\" alt=\"Vigilante Rodovi\u00e1rio\u00ae 1978\" class=\"alignleft\" \/><\/a><\/div><div class='content-column one_third'><a href=\"http:\/\/www.vigilanterodoviario.com.br\/aryfernandes\/ary_fonzar3.jpg\"><img decoding=\"async\" src=\"http:\/\/www.vigilanterodoviario.com.br\/aryfernandes\/ary_fonzar3.jpg\" width=\"280\" alt=\"Vigilante Rodovi\u00e1rio\u00ae 1978\" class=\"alignleft\" \/><\/a><\/div><div class='content-column one_third last_column'><a href=\"http:\/\/www.vigilanterodoviario.com.br\/aryfernandes\/03d28e1f.JPG\"><img decoding=\"async\" src=\"http:\/\/www.vigilanterodoviario.com.br\/aryfernandes\/03d28e1f.JPG\" width=\"280\" alt=\"O Jeca e O Bode  Djiulla (abaixado), Ary, Miron e Tuca (ator-mirim revelado pelo seriado Vigilante Rodovi\u00e1rio\u00ae) \" class=\"alignleft\" \/><\/a><\/div><div class='clear_column'><\/div><div class='content-column one_third'><a href=\"http:\/\/www.vigilanterodoviario.com.br\/aryfernandes\/rosamaria2.jpg\"><img decoding=\"async\" src=\"http:\/\/www.vigilanterodoviario.com.br\/aryfernandes\/rosamaria2.jpg\" width=\"280\" alt=\"Vigilante Rodovi\u00e1rio\u00ae  Na foto, Rosa Maria Murtinho, Carlos Miranda, Ary e equipe\" class=\"alignleft\" \/><\/a><\/div><div class='content-column one_third'><a href=\"http:\/\/www.vigilanterodoviario.com.br\/aryfernandes\/arycomacamera.jpg\"><img decoding=\"async\" src=\"http:\/\/www.vigilanterodoviario.com.br\/aryfernandes\/arycomacamera.jpg\" width=\"280\" alt=\"Bastidores\" class=\"alignleft\" \/><\/a><\/div><div class='content-column one_third last_column'><a href=\"http:\/\/www.vigilanterodoviario.com.br\/aryfernandes\/jecaeobode.jpg\"><img decoding=\"async\" src=\"http:\/\/www.vigilanterodoviario.com.br\/aryfernandes\/jecaeobode.jpg\" width=\"280\" alt=\"O Jeca e O Bode  Bastidores\" class=\"alignleft\" \/><\/a><\/div><div class='clear_column'><\/div><div class='content-column one_third'><a href=\"http:\/\/www.vigilanterodoviario.com.br\/aryfernandes\/LWF7.jpg\"><img decoding=\"async\" src=\"http:\/\/www.vigilanterodoviario.com.br\/aryfernandes\/LWF7.jpg\" width=\"280\" alt=\"Boca do Lixo  Brindando com os amigos. Entre eles, o cineasta Davi Cardoso \" class=\"alignleft\" \/><\/a><\/div><div class='content-column one_third'><a href=\"http:\/\/www.vigilanterodoviario.com.br\/aryfernandes\/~LWF7.jpg\"><img decoding=\"async\" src=\"http:\/\/www.vigilanterodoviario.com.br\/aryfernandes\/~LWF7.jpg\" width=\"280\" alt=\"\u00c1guias de Fogo - 1967  Bastidores\" class=\"alignleft\" \/><\/a><\/div><div class='content-column one_third last_column'><a href=\"http:\/\/www.vigilanterodoviario.com.br\/aryfernandes\/pista2.jpg\"><img decoding=\"async\" src=\"http:\/\/www.vigilanterodoviario.com.br\/aryfernandes\/pista2.jpg\" width=\"280\" alt=\"\u00c1guias de Fogo - 1967  Bastidores\" class=\"alignleft\" \/><\/a><\/div><div class='clear_column'><\/div><div class='content-column one_third'><a href=\"http:\/\/www.vigilanterodoviario.com.br\/aryfernandes\/~LWF0022.jpg\"><img decoding=\"async\" src=\"http:\/\/www.vigilanterodoviario.com.br\/aryfernandes\/~LWF0022.jpg\" width=\"280\" alt=\"Bastidores\" class=\"alignleft\" \/><\/a><\/div><div class='content-column one_third'><a href=\"http:\/\/www.vigilanterodoviario.com.br\/aryfernandes\/~LWF13.jpg\"><img decoding=\"async\" src=\"http:\/\/www.vigilanterodoviario.com.br\/aryfernandes\/~LWF13.jpg\" width=\"280\" alt=\"At\u00e9 o \u00daltimo Mercen\u00e1rio  Bastidores. Luciano Gragori, Carlos Miranda, Ary (de cal\u00e7\u00e3o de banho) e equipe.\" class=\"alignleft\" \/><\/a><\/div><div class='content-column one_third last_column'><a href=\"http:\/\/www.vigilanterodoviario.com.br\/aryfernandes\/LWF8.jpg\"><img decoding=\"async\" src=\"http:\/\/www.vigilanterodoviario.com.br\/aryfernandes\/LWF8.jpg\" width=\"280\" alt=\"Bastidores\" class=\"alignleft\" \/><\/a><\/div><div class='clear_column'><\/div><div class='content-column one_third'><a href=\"http:\/\/www.vigilanterodoviario.com.br\/aryfernandes\/vra1.jpg\"><img decoding=\"async\" src=\"http:\/\/www.vigilanterodoviario.com.br\/aryfernandes\/vra1.jpg\" width=\"280\" alt=\"Vigilante Rodovi\u00e1rio\u00ae 1961  Bastidores das filmagens no Rio de Janeiro\" class=\"alignleft\" \/><\/a><\/div><div class='content-column one_third'><a href=\"http:\/\/www.vigilanterodoviario.com.br\/aryfernandes\/ary27.JPG\"><img decoding=\"async\" src=\"http:\/\/www.vigilanterodoviario.com.br\/aryfernandes\/ary27.JPG\" width=\"280\" alt=\"Ary e equipe\" class=\"alignleft\" \/><\/a><\/div><div class='content-column one_third last_column'><a href=\"http:\/\/www.vigilanterodoviario.com.br\/aryfernandes\/supermanso.JPG\"><img decoding=\"async\" src=\"http:\/\/www.vigilanterodoviario.com.br\/aryfernandes\/supermanso.JPG\" width=\"280\" alt=\"O Super Manso  De costas sentado, Cazar\u00e9. Ary sentado ao ch\u00e3o e equipe.  Filmagens realizadas no Guaruj\u00e1\" class=\"alignleft\" \/><\/a><\/div><div class='clear_column'><\/div><div class='content-column one_third'><a href=\"http:\/\/www.vigilanterodoviario.com.br\/aryfernandes\/Presidente%20da%20INC%20Carlos%20Guimar%C3%A3es%20de%20Mattos%20Jr,vistando%20as%20.JPG\"><img decoding=\"async\" src=\"http:\/\/www.vigilanterodoviario.com.br\/aryfernandes\/Presidente%20da%20INC%20Carlos%20Guimar%C3%A3es%20de%20Mattos%20Jr,vistando%20as%20.JPG\" width=\"280\" alt=\"Anjo Loiro - - 1973  Esq. p\/ direita:  1\u00ba M\u00e1rio Bevenutti,  2\u00ba Presidente da INC Carlos Guimar\u00e3es de Mattos Jr (vistando as filmagens),  3\u00ba Vera Fischer,  4\u00ba Ary Fernandes (Produtor Executivo),  5\u00ba Alfredo Sternheim (Diretor)\" class=\"alignleft\" \/><\/a><\/div><div class='content-column one_third'><a href=\"http:\/\/www.vigilanterodoviario.com.br\/aryfernandes\/pai.JPG\"><img decoding=\"async\" src=\"http:\/\/www.vigilanterodoviario.com.br\/aryfernandes\/pai.JPG\" width=\"280\" alt=\"  \u00c1guias de Fogo  Bastidores\" class=\"alignleft\" \/><\/a><\/div><div class='content-column one_third last_column'><a href=\"http:\/\/www.vigilanterodoviario.com.br\/aryfernandes\/PAI_BASTIDORES_MAGOAS.JPG\"><img decoding=\"async\" src=\"http:\/\/www.vigilanterodoviario.com.br\/aryfernandes\/PAI_BASTIDORES_MAGOAS.JPG\" width=\"280\" alt=\"  M\u00e1goas de Caboclo \" class=\"alignleft\" \/><\/a><\/div><div class='clear_column'><\/div><div class='content-column one_third'><a href=\"http:\/\/www.vigilanterodoviario.com.br\/aryfernandes\/bastidores_quando_elas_querem_Wanda_Marchetti_Cazare_Fer%20(1).JPG\"><img decoding=\"async\" src=\"http:\/\/www.vigilanterodoviario.com.br\/aryfernandes\/bastidores_quando_elas_querem_Wanda_Marchetti_Cazare_Fer%20(1).JPG\" width=\"280\" alt=\"Quando Elas Querem e Eles N\u00e3o...  Bastidores das filmagens em S\u00e3o Loren\u00e7o - MG.  Da esquerda:  Wanda Marquetti, Cazar\u00e9.  Direita: Fernando Garcia, pai de Ary\" class=\"alignleft\" \/><\/a><\/div><div class='content-column one_third'><a href=\"http:\/\/www.vigilanterodoviario.com.br\/aryfernandes\/pai%20de%20costas_carlinhos_e_lobo_na_moto.JPG\"><img decoding=\"async\" src=\"http:\/\/www.vigilanterodoviario.com.br\/aryfernandes\/pai%20de%20costas_carlinhos_e_lobo_na_moto.JPG\" width=\"280\" alt=\"Vigilante Rodovi\u00e1rio\u00ae 1961 - Ary (de costas) Carlos e Lobo\" class=\"alignleft\" \/><\/a><\/div><\/p>\n","protected":false},"excerpt":{"rendered":"","protected":false},"author":2,"featured_media":0,"parent":0,"menu_order":0,"comment_status":"closed","ping_status":"closed","template":"page-template-full.php","meta":{"footnotes":""},"class_list":["post-331","page","type-page","status-publish"],"_links":{"self":[{"href":"https:\/\/www.vigilanterodoviario.com.br\/retro\/wp-json\/wp\/v2\/pages\/331","targetHints":{"allow":["GET"]}}],"collection":[{"href":"https:\/\/www.vigilanterodoviario.com.br\/retro\/wp-json\/wp\/v2\/pages"}],"about":[{"href":"https:\/\/www.vigilanterodoviario.com.br\/retro\/wp-json\/wp\/v2\/types\/page"}],"author":[{"embeddable":true,"href":"https:\/\/www.vigilanterodoviario.com.br\/retro\/wp-json\/wp\/v2\/users\/2"}],"replies":[{"embeddable":true,"href":"https:\/\/www.vigilanterodoviario.com.br\/retro\/wp-json\/wp\/v2\/comments?post=331"}],"version-history":[{"count":0,"href":"https:\/\/www.vigilanterodoviario.com.br\/retro\/wp-json\/wp\/v2\/pages\/331\/revisions"}],"wp:attachment":[{"href":"https:\/\/www.vigilanterodoviario.com.br\/retro\/wp-json\/wp\/v2\/media?parent=331"}],"curies":[{"name":"wp","href":"https:\/\/api.w.org\/{rel}","templated":true}]}}