{"id":295,"date":"2016-08-20T14:37:02","date_gmt":"2016-08-20T14:37:02","guid":{"rendered":"http:\/\/www.vigilanterodoviario.com.br\/retro\/?page_id=295"},"modified":"2016-08-30T21:58:31","modified_gmt":"2016-08-30T21:58:31","slug":"cine-e-tv","status":"publish","type":"page","link":"https:\/\/www.vigilanterodoviario.com.br\/retro\/cine-e-tv\/","title":{"rendered":"Cine e TV"},"content":{"rendered":"<p><div class='content-column one_third'><a href=\"http:\/\/www.vigilanterodoviario.com.br\/aryfernandes\/Pai%20atuando%20na%20Maristela.JPG\"><img decoding=\"async\" src=\"http:\/\/www.vigilanterodoviario.com.br\/aryfernandes\/Pai%20atuando%20na%20Maristela.JPG\" width=\"280\" alt=\"Mulher de Verdade - 1953  Assistente de produ\u00e7\u00e3o e ator (1\u00ba na foto acima) no filme  \u201cMULHER DE VERDADE\u201d, dirigido por  Alberto Cavalcante na Kino Filmes \" class=\"alignleft\" \/><\/a><\/div><div class='content-column one_third'><a href=\"http:\/\/www.vigilanterodoviario.com.br\/aryfernandes\/quemmatouanabella.jpg\"><img decoding=\"async\" src=\"http:\/\/www.vigilanterodoviario.com.br\/aryfernandes\/quemmatouanabella.jpg\" width=\"280\" alt=\"Quem Matou Anabela?!  Diretor de Produ\u00e7\u00e3o e ator- 1955\" class=\"alignleft\" \/><\/a><\/div><a href=\"http:\/\/www.vigilanterodoviario.com.br\/aryfernandes\/Pai%20-%20quem%20matou%20anabela.JPG\"><img decoding=\"async\" src=\"http:\/\/www.vigilanterodoviario.com.br\/aryfernandes\/Pai%20-%20quem%20matou%20anabela.JPG\" width=\"280\" alt=\"Quem Matou Anabela? Diretor de Produ\u00e7\u00e3o e ator- 1955\" class=\"alignleft\" \/><\/a><div class='content-column one_third last_column'><\/div><div class='clear_column'><\/div><div class='content-column one_third'><a href=\"http:\/\/www.vigilanterodoviario.com.br\/aryfernandes\/Pai%20-%20quem%20matou%20anabela-1.JPG\"><img decoding=\"async\" src=\"http:\/\/www.vigilanterodoviario.com.br\/aryfernandes\/Pai%20-%20quem%20matou%20anabela-1.JPG\" width=\"280\" alt=\"Quem Matou Anabela?  Diretor de Produ\u00e7\u00e3o e ator- 1955\" class=\"alignleft\" \/><\/a><div class='content-column one_third'><\/div><\/div><div class='content-column one_third'><a href=\"http:\/\/www.vigilanterodoviario.com.br\/aryfernandes\/arycomoator1.jpg\"><img decoding=\"async\" src=\"http:\/\/www.vigilanterodoviario.com.br\/aryfernandes\/arycomoator1.jpg\" width=\"280\" alt=\"A Doutora \u00e9 Muito Viva  Gerente de Produ\u00e7\u00e3o e ator- 1956\" class=\"alignleft\" \/><\/a><\/div><div class='content-column one_third last_column'><a href=\"http:\/\/www.vigilanterodoviario.com.br\/aryfernandes\/fotodoarycarloselobo.jpg\"><img decoding=\"async\" src=\"http:\/\/www.vigilanterodoviario.com.br\/aryfernandes\/fotodoarycarloselobo.jpg\" width=\"280\" alt=\"O Vigilante Rodovi\u00e1rio\u00ae  Cria\u00e7\u00e3o, Dire\u00e7\u00e3o e Argumento da s\u00e9rie televisiva - 1961\" class=\"alignleft\" \/><\/a><\/div><div class='clear_column'><\/div><div class='content-column one_third'><a href=\"http:\/\/www.vigilanterodoviario.com.br\/aryfernandes\/aryaguias4.jpg\"><img decoding=\"async\" src=\"http:\/\/www.vigilanterodoviario.com.br\/aryfernandes\/aryaguias4.jpg\" width=\"280\" alt=\"\u00c1guias de Fogo  Cria\u00e7\u00e3o, Dire\u00e7\u00e3o e Produ\u00e7\u00e3o da s\u00e9rie televisiva - 1967\" class=\"alignleft\" \/><\/a><\/div><div class='content-column one_third'><a href=\"http:\/\/www.vigilanterodoviario.com.br\/aryfernandes\/~LWF0019.jpg\"><img decoding=\"async\" src=\"http:\/\/www.vigilanterodoviario.com.br\/aryfernandes\/~LWF0019.jpg\" width=\"280\" alt=\"M\u00e1goas de Caboclo  Dire\u00e7\u00e3o e Produ\u00e7\u00e3o - 1970\" class=\"alignleft\" \/><\/a><\/div><div class='content-column one_third last_column'><a href=\"http:\/\/www.vigilanterodoviario.com.br\/aryfernandes\/cartaz_mercenario.JPG\"><img decoding=\"async\" src=\"http:\/\/www.vigilanterodoviario.com.br\/aryfernandes\/cartaz_mercenario.JPG\" width=\"280\" alt=\"At\u00e9 o \u00daltimo Mercen\u00e1rio  Dire\u00e7\u00e3o e Produ\u00e7\u00e3o - 1971\" class=\"alignleft\" \/><\/a><\/div><div class='clear_column'><\/div><div class='content-column one_third'><a href=\"http:\/\/www.vigilanterodoviario.com.br\/aryfernandes\/mercenariofilmografia1.jpg\"><img decoding=\"async\" src=\"http:\/\/www.vigilanterodoviario.com.br\/aryfernandes\/mercenariofilmografia1.jpg\" width=\"280\" alt=\"At\u00e9 o \u00daltimo Mercen\u00e1rio  Dire\u00e7\u00e3o e Produ\u00e7\u00e3o - 1971\" class=\"alignleft\" \/><\/a><\/div><div class='content-column one_third'><a href=\"http:\/\/www.vigilanterodoviario.com.br\/aryfernandes\/mercenariofilmografia2.jpg\"><img decoding=\"async\" src=\"http:\/\/www.vigilanterodoviario.com.br\/aryfernandes\/mercenariofilmografia2.jpg\" width=\"280\" alt=\"At\u00e9 o \u00daltimo Mercen\u00e1rio  Com: Carlos Miranda, Elaine Cristina  Dire\u00e7\u00e3o e Produ\u00e7\u00e3o - 1971\" class=\"alignleft\" \/><\/a><\/div><div class='content-column one_third last_column'><a href=\"http:\/\/www.vigilanterodoviario.com.br\/aryfernandes\/mercenariofilmografia4.jpg\"><img decoding=\"async\" src=\"http:\/\/www.vigilanterodoviario.com.br\/aryfernandes\/mercenariofilmografia4.jpg\" width=\"280\" alt=\"At\u00e9 o \u00daltimo Mercen\u00e1rio  Com: Carlos Miranda, Elaine Cristina  Dire\u00e7\u00e3o e Produ\u00e7\u00e3o - 1971\" class=\"alignleft\" \/><\/a><\/div><div class='clear_column'><\/div><div class='content-column one_third'><a href=\"http:\/\/www.vigilanterodoviario.com.br\/aryfernandes\/mercenariofilmografia3.jpg\"><img decoding=\"async\" src=\"http:\/\/www.vigilanterodoviario.com.br\/aryfernandes\/mercenariofilmografia3.jpg\" width=\"280\" alt=\"At\u00e9 o \u00daltimo Mercen\u00e1rio  Dire\u00e7\u00e3o e Produ\u00e7\u00e3o - 1971\" class=\"alignleft\" \/><\/a><\/div><div class='content-column one_third'><a href=\"http:\/\/www.vigilanterodoviario.com.br\/aryfernandes\/mercenariofilmografia5.jpg\"><img decoding=\"async\" src=\"http:\/\/www.vigilanterodoviario.com.br\/aryfernandes\/mercenariofilmografia5.jpg\" width=\"280\" alt=\"At\u00e9 o \u00daltimo Mercen\u00e1rio  Dire\u00e7\u00e3o e Produ\u00e7\u00e3o - 1971\" class=\"alignleft\" \/><\/a><\/div><div class='content-column one_third last_column'><a href=\"http:\/\/www.vigilanterodoviario.com.br\/aryfernandes\/mercenariofilmografia6.jpg\"><img decoding=\"async\" src=\"http:\/\/www.vigilanterodoviario.com.br\/aryfernandes\/mercenariofilmografia6.jpg\" width=\"280\" alt=\"At\u00e9 o \u00daltimo Mercen\u00e1rio  Dire\u00e7\u00e3o e Produ\u00e7\u00e3o - 1971\" class=\"alignleft\" \/><\/a><\/div><div class='clear_column'><\/div><div class='content-column one_third'><a href=\"http:\/\/www.vigilanterodoviario.com.br\/aryfernandes\/mercenariofilmografia7.jpg\"><img decoding=\"async\" src=\"http:\/\/www.vigilanterodoviario.com.br\/aryfernandes\/mercenariofilmografia7.jpg\" width=\"280\" alt=\"At\u00e9 o \u00daltimo Mercen\u00e1rio  Dire\u00e7\u00e3o e Produ\u00e7\u00e3o - 1971\" class=\"alignleft\" \/><\/a><\/div><div class='content-column one_third'><a href=\"http:\/\/www.vigilanterodoviario.com.br\/aryfernandes\/Pai%20em%20cena.JPG\"><img decoding=\"async\" src=\"http:\/\/www.vigilanterodoviario.com.br\/aryfernandes\/Pai%20em%20cena.JPG\" width=\"280\" alt=\"Atuando em um longa metragem - D\u00e9cada de 70\" class=\"alignleft\" \/><\/a><\/div><div class='content-column one_third last_column'><a href=\"http:\/\/www.vigilanterodoviario.com.br\/aryfernandes\/jeca.jpg\"><img decoding=\"async\" src=\"http:\/\/www.vigilanterodoviario.com.br\/aryfernandes\/jeca.jpg\" width=\"280\" alt=\"O Jeca e O Bode  Dire\u00e7\u00e3o, Produ\u00e7\u00e3o, Argumento e Roteiro - 1972\" class=\"alignleft\" \/><\/a><\/div><div class='clear_column'><\/div><div class='content-column one_third'><a href=\"http:\/\/www.vigilanterodoviario.com.br\/aryfernandes\/jeca1.jpg\"><img decoding=\"async\" src=\"http:\/\/www.vigilanterodoviario.com.br\/aryfernandes\/jeca1.jpg\" width=\"280\" alt=\"O Jeca e O Bode  Dire\u00e7\u00e3o, Produ\u00e7\u00e3o, Argumento e Roteiro - 1972\" class=\"alignleft\" \/><\/a><\/div><div class='content-column one_third'><a href=\"http:\/\/www.vigilanterodoviario.com.br\/aryfernandes\/jeca2.jpg\"><img decoding=\"async\" src=\"http:\/\/www.vigilanterodoviario.com.br\/aryfernandes\/jeca2.jpg\" width=\"280\" alt=\"O Jeca e O Bode  Dire\u00e7\u00e3o, Produ\u00e7\u00e3o, Argumento e Roteiro - 1972\" class=\"alignleft\" \/><\/a><\/div><div class='content-column one_third last_column'><a href=\"http:\/\/www.vigilanterodoviario.com.br\/aryfernandes\/jeca3.jpg\"><img decoding=\"async\" src=\"http:\/\/www.vigilanterodoviario.com.br\/aryfernandes\/jeca3.jpg\" width=\"280\" alt=\"O Jeca e O Bode  Dire\u00e7\u00e3o, Produ\u00e7\u00e3o, Argumento e Roteiro - 1972\" class=\"alignleft\" \/><\/a><\/div><div class='clear_column'><\/div><div class='content-column one_third'><a href=\"http:\/\/www.vigilanterodoviario.com.br\/aryfernandes\/jecaione.jpg\"><img decoding=\"async\" src=\"http:\/\/www.vigilanterodoviario.com.br\/aryfernandes\/jecaione.jpg\" width=\"280\" alt=\"O Jeca e O Bode  A apresentadora de TV Ione Borges estreiava em seu primeiro longa -metragem (ao meio)  Dire\u00e7\u00e3o, Produ\u00e7\u00e3o, Argumento e Roteiro - 1972\" class=\"alignleft\" \/><\/a><\/div><div class='content-column one_third'><a href=\"http:\/\/www.vigilanterodoviario.com.br\/aryfernandes\/jecaeobode.jpg\"><img decoding=\"async\" src=\"http:\/\/www.vigilanterodoviario.com.br\/aryfernandes\/jecaeobode.jpg\" width=\"280\" alt=\"O Jeca e O Bode  Bastidores  Dire\u00e7\u00e3o, Produ\u00e7\u00e3o, Argumento e Roteiro - 1972\" class=\"alignleft\" \/><\/a><\/div><div class='content-column one_third last_column'><a href=\"http:\/\/www.vigilanterodoviario.com.br\/aryfernandes\/filmografiaary7.jpg\"><img decoding=\"async\" src=\"http:\/\/www.vigilanterodoviario.com.br\/aryfernandes\/filmografiaary7.jpg\" width=\"280\" alt=\"O Super Manso  Noite de lan\u00e7amento.  Entre eles: Jussara freire, Marcos Caruso e Fausto Rocha  Dire\u00e7\u00e3o, Produ\u00e7\u00e3o, Argumento e Roteiro - 1974\" class=\"alignleft\" \/><\/a><\/div><div class='clear_column'><\/div><div class='content-column one_third'><a href=\"http:\/\/www.vigilanterodoviario.com.br\/aryfernandes\/veraarynuno.jpg\"><img decoding=\"async\" src=\"http:\/\/www.vigilanterodoviario.com.br\/aryfernandes\/veraarynuno.jpg\" width=\"280\" alt=\"Anjo Loiro  Bastidores.  Vera Fisher, Ary Fernandes e Nuno Leal Maia..  Produtor Executivo. 1973\" class=\"alignleft\" \/><\/a><\/div><div class='content-column one_third'><a href=\"http:\/\/www.vigilanterodoviario.com.br\/aryfernandes\/supermanso1.JPG\"><img decoding=\"async\" src=\"http:\/\/www.vigilanterodoviario.com.br\/aryfernandes\/supermanso1.JPG\" width=\"280\" alt=\"O Super Manso  Dire\u00e7\u00e3o, Produ\u00e7\u00e3o, Argumento e Roteiro - 1974\" class=\"alignleft\" \/><\/a><\/div><div class='content-column one_third last_column'><a href=\"http:\/\/www.vigilanterodoviario.com.br\/aryfernandes\/supermanso_fausto_rocha.JPG\"><img decoding=\"async\" src=\"http:\/\/www.vigilanterodoviario.com.br\/aryfernandes\/supermanso_fausto_rocha.JPG\" width=\"280\" alt=\"O Super Manso  Na foto, Fausto Rocha  Dire\u00e7\u00e3o, Produ\u00e7\u00e3o, Argumento e Roteiro - 1974\" class=\"alignleft\" \/><\/a><\/div><div class='clear_column'><\/div><div class='content-column one_third'><a href=\"http:\/\/www.vigilanterodoviario.com.br\/aryfernandes\/supermanso_fausto_rocha1.JPG\"><img decoding=\"async\" src=\"http:\/\/www.vigilanterodoviario.com.br\/aryfernandes\/supermanso_fausto_rocha1.JPG\" width=\"280\" alt=\"O Super Manso  Na foto, Fausto Rocha  Dire\u00e7\u00e3o, Produ\u00e7\u00e3o, Argumento e Roteiro - 1974\" class=\"alignleft\" \/><\/a><\/div><div class='content-column one_third'><a href=\"http:\/\/www.vigilanterodoviario.com.br\/aryfernandes\/manso.jpg\"><img decoding=\"async\" src=\"http:\/\/www.vigilanterodoviario.com.br\/aryfernandes\/manso.jpg\" width=\"280\" alt=\"O Super Manso  Dire\u00e7\u00e3o, Produ\u00e7\u00e3o, Argumento e Roteiro - 1974\" class=\"alignleft\" \/><\/a><\/div><div class='content-column one_third last_column'><a href=\"http:\/\/www.vigilanterodoviario.com.br\/aryfernandes\/manso1.jpg\"><img decoding=\"async\" src=\"http:\/\/www.vigilanterodoviario.com.br\/aryfernandes\/manso1.jpg\" width=\"280\" alt=\"O Super Manso  Dire\u00e7\u00e3o, Produ\u00e7\u00e3o, Argumento e Roteiro - 1974\" class=\"alignleft\" \/><\/a><\/div><div class='clear_column'><\/div><div class='content-column one_third'><a href=\"http:\/\/www.vigilanterodoviario.com.br\/aryfernandes\/seducao.jpg\"><img decoding=\"async\" src=\"http:\/\/www.vigilanterodoviario.com.br\/aryfernandes\/seducao.jpg\" width=\"280\" alt=\"Sedu\u00e7\u00e3o  Dion\u00edsio Azevedo, Ney Latorraca e Sandra Brea  Produtor Executivo- 1974\" class=\"alignleft\" \/><\/a><\/div><div class='content-column one_third'><a href=\"http:\/\/www.vigilanterodoviario.com.br\/aryfernandes\/seducao2.jpg\"><img decoding=\"async\" src=\"http:\/\/www.vigilanterodoviario.com.br\/aryfernandes\/seducao2.jpg\" width=\"280\" alt=\"Sedu\u00e7\u00e3o  Equipe . Produtor Executivo 1974\" class=\"alignleft\" \/><\/a><\/div><div class='content-column one_third last_column'><a href=\"http:\/\/www.vigilanterodoviario.com.br\/aryfernandes\/seducao3.jpg\"><img loading=\"lazy\" decoding=\"async\" src=\"http:\/\/www.vigilanterodoviario.com.br\/aryfernandes\/seducao3.jpg\" width=\"552\" height=\"449\" alt=\"Sedu\u00e7\u00e3o  Equipe Produtor Executivo. 1974\" class=\"alignleft\" \/><\/a><\/div><div class='clear_column'><\/div><div class='content-column one_third'><a href=\"http:\/\/www.vigilanterodoviario.com.br\/aryfernandes\/quandoelasquerem.jpg\"><img decoding=\"async\" src=\"http:\/\/www.vigilanterodoviario.com.br\/aryfernandes\/quandoelasquerem.jpg\" width=\"280\" alt=\"Quando Elas Querem...  Dire\u00e7\u00e3o, Produ\u00e7\u00e3o, Argumento, Roteiro - 1975\" class=\"alignleft\" \/><\/a><\/div><div class='content-column one_third'><a href=\"http:\/\/www.vigilanterodoviario.com.br\/aryfernandes\/quandoelasqueremlocadora.jpg\"><img decoding=\"async\" src=\"http:\/\/www.vigilanterodoviario.com.br\/aryfernandes\/quandoelasqueremlocadora.jpg\" width=\"280\" alt=\"Quando Elas Querem...  Dire\u00e7\u00e3o, Produ\u00e7\u00e3o, Argumento, Roteiro - 1975\" class=\"alignleft\" \/><\/a><\/div><div class='content-column one_third last_column'><a href=\"http:\/\/www.vigilanterodoviario.com.br\/aryfernandes\/aryeatores.jpg\"><img decoding=\"async\" src=\"http:\/\/www.vigilanterodoviario.com.br\/aryfernandes\/aryeatores.jpg\" width=\"280\" alt=\"Quando Elas Querem...  Equipe e elenco  Dire\u00e7\u00e3o, Produ\u00e7\u00e3o, Argumento, Roteiro - 1975\" class=\"alignleft\" \/><\/a><\/div><div class='clear_column'><\/div><div class='content-column one_third'><a href=\"http:\/\/www.vigilanterodoviario.com.br\/aryfernandes\/guerraeguerra.jpg\"><img decoding=\"async\" src=\"http:\/\/www.vigilanterodoviario.com.br\/aryfernandes\/guerraeguerra.jpg\" width=\"280\" alt=\"Guerra \u00e9 Guerra  Dire\u00e7\u00e3o, Produ\u00e7\u00e3o e Roteiro - 1975\" class=\"alignleft\" \/><\/a><\/div><div class='content-column one_third'><a href=\"http:\/\/www.vigilanterodoviario.com.br\/aryfernandes\/arynotravelling1.jpg\"><img decoding=\"async\" src=\"http:\/\/www.vigilanterodoviario.com.br\/aryfernandes\/arynotravelling1.jpg\" width=\"280\" alt=\"As Trapalhadas de Dom Quixote e Sancho Pan\u00e7o  Bastidores  Dire\u00e7\u00e3o - 1977\" class=\"alignleft\" \/><\/a><\/div><div class='content-column one_third last_column'><a href=\"http:\/\/www.vigilanterodoviario.com.br\/aryfernandes\/arynotravelling3.jpg\"><img decoding=\"async\" src=\"http:\/\/www.vigilanterodoviario.com.br\/aryfernandes\/arynotravelling3.jpg\" width=\"280\" alt=\"As Trapalhadas de Dom Quixote e Sancho Pan\u00e7o  Bastidores  Dire\u00e7\u00e3o - 1977\" class=\"alignleft\" \/><\/a><\/div><div class='clear_column'><\/div><div class='content-column one_third'><a href=\"http:\/\/www.vigilanterodoviario.com.br\/aryfernandes\/Vigilante_Fonzar2.jpg\"><img decoding=\"async\" src=\"http:\/\/www.vigilanterodoviario.com.br\/aryfernandes\/Vigilante_Fonzar2.jpg\" width=\"280\" alt=\"O Vigilante Rodovi\u00e1rio\u00ae - 1978  Dire\u00e7\u00e3o Produ\u00e7\u00e3o, Argumento e Roteiro do novo piloto da s\u00e9rie - 1978 \" class=\"alignleft\" \/><\/a><\/div><div class='content-column one_third'><a href=\"http:\/\/www.vigilanterodoviario.com.br\/aryfernandes\/vigilantefonzar1.jpg\"><img decoding=\"async\" src=\"http:\/\/www.vigilanterodoviario.com.br\/aryfernandes\/vigilantefonzar1.jpg\" width=\"280\" alt=\"O Vigilante Rodovi\u00e1rio\u00ae  Dire\u00e7\u00e3o Produ\u00e7\u00e3o, Argumento e Roteiro do novo piloto da s\u00e9rie - 1978 \" class=\"alignleft\" \/><\/a><\/div><div class='content-column one_third last_column'><a href=\"http:\/\/www.vigilanterodoviario.com.br\/aryfernandes\/cassino4.jpg\"><img loading=\"lazy\" decoding=\"async\" src=\"http:\/\/www.vigilanterodoviario.com.br\/aryfernandes\/cassino4.jpg\" width=\"596\" height=\"449\" alt=\"O Cassino  Produ\u00e7\u00e3o e Dire\u00e7\u00e3o - 1981\" class=\"alignleft\" \/><\/a><\/div><div class='clear_column'><\/div><div class='content-column one_third'><a href=\"http:\/\/www.vigilanterodoviario.com.br\/aryfernandes\/cassino.jpg\"><img decoding=\"async\" src=\"http:\/\/www.vigilanterodoviario.com.br\/aryfernandes\/cassino.jpg\" width=\"280\" alt=\"O Cassino  Produ\u00e7\u00e3o e Dire\u00e7\u00e3o- 1981\" class=\"alignleft\" \/><\/a><\/div><div class='content-column one_third'><a href=\"http:\/\/www.vigilanterodoviario.com.br\/aryfernandes\/cassino1.jpg\"><img decoding=\"async\" src=\"http:\/\/www.vigilanterodoviario.com.br\/aryfernandes\/cassino1.jpg\" width=\"280\" alt=\"O Cassino  Bastidores - Produ\u00e7\u00e3o e Dire\u00e7\u00e3o - 1981\" class=\"alignleft\" \/><\/a><\/div><div class='content-column one_third last_column'><a href=\"http:\/\/www.vigilanterodoviario.com.br\/aryfernandes\/cassino3.jpg\"><img decoding=\"async\" src=\"http:\/\/www.vigilanterodoviario.com.br\/aryfernandes\/cassino3.jpg\" width=\"280\" alt=\"O Cassino  Produ\u00e7\u00e3o e Dire\u00e7\u00e3o - 1981\" class=\"alignleft\" \/><\/a><\/div><div class='clear_column'><\/div><div class='content-column one_third'><a href=\"http:\/\/www.vigilanterodoviario.com.br\/aryfernandes\/cassino7.jpg\"><img decoding=\"async\" src=\"http:\/\/www.vigilanterodoviario.com.br\/aryfernandes\/cassino7.jpg\" width=\"280\" alt=\"O Cassino  Bastidores. Produ\u00e7\u00e3o e Dire\u00e7\u00e3o - 1981\" class=\"alignleft\" \/><\/a><\/div><div class='content-column one_third'><a href=\"http:\/\/www.vigilanterodoviario.com.br\/aryfernandes\/cassino2.jpg\"><img decoding=\"async\" src=\"http:\/\/www.vigilanterodoviario.com.br\/aryfernandes\/cassino2.jpg\" width=\"280\" alt=\"O Cassino  Produ\u00e7\u00e3o e Dire\u00e7\u00e3o - 1981\" class=\"alignleft\" \/><\/a><\/div><div class='content-column one_third last_column'><a href=\"http:\/\/www.vigilanterodoviario.com.br\/aryfernandes\/fabrica.jpg\"><img decoding=\"async\" src=\"http:\/\/www.vigilanterodoviario.com.br\/aryfernandes\/fabrica.jpg\" width=\"280\" alt=\"A F\u00e1brica  Dire\u00e7\u00e3o e Produ\u00e7\u00e3o - 1982\" class=\"alignleft\" \/><\/a><\/div><div class='clear_column'><\/div><div class='content-column one_third'><a href=\"http:\/\/www.vigilanterodoviario.com.br\/aryfernandes\/fabrica1.jpg\"><img decoding=\"async\" src=\"http:\/\/www.vigilanterodoviario.com.br\/aryfernandes\/fabrica1.jpg\" width=\"280 alt=\"A F\u00e1brica  Dire\u00e7\u00e3o e Produ\u00e7\u00e3o - 1982\" class=\"alignleft\" \/><\/a><\/div><div class='content-column one_third'><a href=\"http:\/\/www.vigilanterodoviario.com.br\/aryfernandes\/fabrica2.jpg\"><img decoding=\"async\" src=\"http:\/\/www.vigilanterodoviario.com.br\/aryfernandes\/fabrica2.jpg\" width=\"280\" alt=\"A F\u00e1brica -  Dire\u00e7\u00e3o e Produ\u00e7\u00e3o - 1982\" class=\"alignleft\" \/><\/a><\/div><div class='content-column one_third last_column'><a href=\"http:\/\/www.vigilanterodoviario.com.br\/aryfernandes\/vigaristas.jpg\"><img decoding=\"async\" src=\"http:\/\/www.vigilanterodoviario.com.br\/aryfernandes\/vigaristas.jpg\" width=\"280\" alt=\"As Vigaristas -  Dire\u00e7\u00e3o e Produ\u00e7\u00e3o - 1982\" class=\"alignleft\" \/><\/a><\/div><div class='clear_column'><\/div><div class='content-column one_third'><a href=\"http:\/\/www.vigilanterodoviario.com.br\/aryfernandes\/elassotransamnodisco.jpg\"><img decoding=\"async\" src=\"http:\/\/www.vigilanterodoviario.com.br\/aryfernandes\/elassotransamnodisco.jpg\" width=\"280\" alt=\"O Disco Voador -  Produ\u00e7\u00e3o e Dire\u00e7\u00e3o - 1983\" class=\"alignleft\" \/><\/a><\/div><div class='content-column one_third'><a href=\"http:\/\/www.vigilanterodoviario.com.br\/aryfernandes\/FILME_7.jpg\"><img decoding=\"async\" src=\"http:\/\/www.vigilanterodoviario.com.br\/aryfernandes\/FILME_7.jpg\" width=\"280\" alt=\"O Disco Voador -  Produ\u00e7\u00e3o e Dire\u00e7\u00e3o - 1983\" class=\"alignleft\" \/><\/a><\/div><div class='content-column one_third last_column'><a href=\"http:\/\/www.vigilanterodoviario.com.br\/aryfernandes\/estrela_nua.gif\"><img decoding=\"async\" src=\"http:\/\/www.vigilanterodoviario.com.br\/aryfernandes\/estrela_nua.gif\" width=\"280\" alt=\"A Estrela Nua -  Produ\u00e7\u00e3o Executiva - 1984\" class=\"alignleft\" \/><\/a><\/div><div class='clear_column'><\/div><div class='content-column one_third'><a href=\"http:\/\/www.vigilanterodoviario.com.br\/aryfernandes\/trapalhoes.jpg\"><img decoding=\"async\" src=\"http:\/\/www.vigilanterodoviario.com.br\/aryfernandes\/trapalhoes.jpg\" width=\"280\" alt=\"A Filha dos TRAPALH\u00d5ES - Renato Arag\u00e3o (Didi), Ded\u00e9, Mussum e Zacarias.  Participa\u00e7\u00e3o: Miriam Rios e Ronnie Von - Diretor T\u00e9cnico - 1984\" class=\"alignleft\" \/><\/a><\/div><div class='content-column one_third'><a href=\"http:\/\/www.vigilanterodoviario.com.br\/retro\/wp-content\/uploads\/2016\/08\/O_cangaceiro_1997.jpg\"><img decoding=\"async\" src=\"http:\/\/www.vigilanterodoviario.com.br\/retro\/wp-content\/uploads\/2016\/08\/O_cangaceiro_1997.jpg\" alt=\"O Cangaceiro - Coordenador Geral de Produ\u00e7\u00e3o - 1995\" width=\"280\" class=\"alignleft size-full wp-image-328\" srcset=\"https:\/\/www.vigilanterodoviario.com.br\/retro\/wp-content\/uploads\/2016\/08\/O_cangaceiro_1997.jpg 500w, https:\/\/www.vigilanterodoviario.com.br\/retro\/wp-content\/uploads\/2016\/08\/O_cangaceiro_1997-300x225.jpg 300w\" sizes=\"(max-width: 500px) 100vw, 500px\" \/><\/a><\/div><div class='content-column one_third last_column'><a href=\"http:\/\/www.vigilanterodoviario.com.br\/aryfernandes\/ingra.jpg\"><img decoding=\"async\" src=\"http:\/\/www.vigilanterodoviario.com.br\/aryfernandes\/ingra.jpg\" width=\"280\" alt=\"O Cangaceiro -  com: Ingra Liberato, Paulo Gorgulho, Luiza Thom\u00e9 - Coordenador Geral de Produ\u00e7\u00e3o - 1995\" class=\"alignleft\" \/><\/a><\/div><div class='clear_column'><\/div><\/p>\n","protected":false},"excerpt":{"rendered":"","protected":false},"author":2,"featured_media":0,"parent":0,"menu_order":0,"comment_status":"closed","ping_status":"closed","template":"page-template-full.php","meta":{"footnotes":""},"class_list":["post-295","page","type-page","status-publish"],"_links":{"self":[{"href":"https:\/\/www.vigilanterodoviario.com.br\/retro\/wp-json\/wp\/v2\/pages\/295","targetHints":{"allow":["GET"]}}],"collection":[{"href":"https:\/\/www.vigilanterodoviario.com.br\/retro\/wp-json\/wp\/v2\/pages"}],"about":[{"href":"https:\/\/www.vigilanterodoviario.com.br\/retro\/wp-json\/wp\/v2\/types\/page"}],"author":[{"embeddable":true,"href":"https:\/\/www.vigilanterodoviario.com.br\/retro\/wp-json\/wp\/v2\/users\/2"}],"replies":[{"embeddable":true,"href":"https:\/\/www.vigilanterodoviario.com.br\/retro\/wp-json\/wp\/v2\/comments?post=295"}],"version-history":[{"count":0,"href":"https:\/\/www.vigilanterodoviario.com.br\/retro\/wp-json\/wp\/v2\/pages\/295\/revisions"}],"wp:attachment":[{"href":"https:\/\/www.vigilanterodoviario.com.br\/retro\/wp-json\/wp\/v2\/media?parent=295"}],"curies":[{"name":"wp","href":"https:\/\/api.w.org\/{rel}","templated":true}]}}