{"id":282,"date":"2016-08-15T20:56:34","date_gmt":"2016-08-15T20:56:34","guid":{"rendered":"http:\/\/www.vigilanterodoviario.com.br\/retro\/?page_id=282"},"modified":"2016-08-15T20:57:00","modified_gmt":"2016-08-15T20:57:00","slug":"mais-de-1-milhao-de-espectadores","status":"publish","type":"page","link":"https:\/\/www.vigilanterodoviario.com.br\/retro\/mais-de-1-milhao-de-espectadores\/","title":{"rendered":"Mais de 1 milh\u00e3o de espectadores"},"content":{"rendered":"<p>Filmes com mais de 1 milh\u00e3o de espectadores (1970 \u00e0 2006) por diretor:<\/p>\n<p><iframe loading=\"lazy\" src=\"http:\/\/www.vigilanterodoviario.com.br\/aryfernandes\/1milhao.htm\" width=\"100%\" height=\"580\" scrolling=\"yes\" frameborder=\"0\" marginheight=\"0\" marginwidth=\"0\"><\/iframe><\/p>\n","protected":false},"excerpt":{"rendered":"<p>Filmes com mais de 1 milh\u00e3o de espectadores (1970 \u00e0 2006) por diretor:<\/p>\n","protected":false},"author":2,"featured_media":0,"parent":0,"menu_order":0,"comment_status":"closed","ping_status":"closed","template":"page-template-full.php","meta":{"footnotes":""},"class_list":["post-282","page","type-page","status-publish"],"_links":{"self":[{"href":"https:\/\/www.vigilanterodoviario.com.br\/retro\/wp-json\/wp\/v2\/pages\/282","targetHints":{"allow":["GET"]}}],"collection":[{"href":"https:\/\/www.vigilanterodoviario.com.br\/retro\/wp-json\/wp\/v2\/pages"}],"about":[{"href":"https:\/\/www.vigilanterodoviario.com.br\/retro\/wp-json\/wp\/v2\/types\/page"}],"author":[{"embeddable":true,"href":"https:\/\/www.vigilanterodoviario.com.br\/retro\/wp-json\/wp\/v2\/users\/2"}],"replies":[{"embeddable":true,"href":"https:\/\/www.vigilanterodoviario.com.br\/retro\/wp-json\/wp\/v2\/comments?post=282"}],"version-history":[{"count":0,"href":"https:\/\/www.vigilanterodoviario.com.br\/retro\/wp-json\/wp\/v2\/pages\/282\/revisions"}],"wp:attachment":[{"href":"https:\/\/www.vigilanterodoviario.com.br\/retro\/wp-json\/wp\/v2\/media?parent=282"}],"curies":[{"name":"wp","href":"https:\/\/api.w.org\/{rel}","templated":true}]}}