{"id":254,"date":"2016-08-06T18:47:02","date_gmt":"2016-08-06T18:47:02","guid":{"rendered":"http:\/\/www.vigilanterodoviario.com.br\/retro\/?page_id=254"},"modified":"2016-09-20T20:09:43","modified_gmt":"2016-09-20T20:09:43","slug":"livro-biografico-biografia","status":"publish","type":"page","link":"https:\/\/www.vigilanterodoviario.com.br\/retro\/livro-biografico-biografia\/","title":{"rendered":"Livro Biogr\u00e1fico &#8211; Biografia"},"content":{"rendered":"<p><a href=\"http:\/\/www.ecompare.com.br\/prod_unico?idu=1857060502\"><img loading=\"lazy\" decoding=\"async\" src=\"http:\/\/www.vigilanterodoviario.com.br\/retro\/wp-content\/uploads\/2016\/08\/capa-livro.jpg\" alt=\"Livro Ary Fernandes\" width=\"263\" height=\"400\" class=\"aligncenter size-full wp-image-255\" srcset=\"https:\/\/www.vigilanterodoviario.com.br\/retro\/wp-content\/uploads\/2016\/08\/capa-livro.jpg 263w, https:\/\/www.vigilanterodoviario.com.br\/retro\/wp-content\/uploads\/2016\/08\/capa-livro-197x300.jpg 197w\" sizes=\"auto, (max-width: 263px) 100vw, 263px\" \/><\/a><\/p>\n<p><a href=\"http:\/\/www.ecompare.com.br\/prod_unico?idu=1857060502\"><img loading=\"lazy\" decoding=\"async\" src=\"http:\/\/www.vigilanterodoviario.com.br\/retro\/wp-content\/uploads\/2016\/08\/capa-livro1.jpg\" alt=\"Biografia Ary Fernande\" width=\"264\" height=\"400\" class=\"aligncenter size-full wp-image-256\" srcset=\"https:\/\/www.vigilanterodoviario.com.br\/retro\/wp-content\/uploads\/2016\/08\/capa-livro1.jpg 264w, https:\/\/www.vigilanterodoviario.com.br\/retro\/wp-content\/uploads\/2016\/08\/capa-livro1-198x300.jpg 198w\" sizes=\"auto, (max-width: 264px) 100vw, 264px\" \/><\/a><\/p>\n<p>Onde encontrar: <a href=\"http:\/\/www.ecompare.com.br\/prod_unico?idu=1857060502\" target=\"_blank\"><strong>Clique aqui<\/strong><\/a> e tenha op\u00e7\u00f5es de lojas e pre\u00e7os!<\/p>\n","protected":false},"excerpt":{"rendered":"<p>Onde encontrar: Clique aqui e tenha op\u00e7\u00f5es de lojas e pre\u00e7os!<\/p>\n","protected":false},"author":2,"featured_media":0,"parent":0,"menu_order":0,"comment_status":"closed","ping_status":"closed","template":"","meta":{"footnotes":""},"class_list":["post-254","page","type-page","status-publish"],"_links":{"self":[{"href":"https:\/\/www.vigilanterodoviario.com.br\/retro\/wp-json\/wp\/v2\/pages\/254","targetHints":{"allow":["GET"]}}],"collection":[{"href":"https:\/\/www.vigilanterodoviario.com.br\/retro\/wp-json\/wp\/v2\/pages"}],"about":[{"href":"https:\/\/www.vigilanterodoviario.com.br\/retro\/wp-json\/wp\/v2\/types\/page"}],"author":[{"embeddable":true,"href":"https:\/\/www.vigilanterodoviario.com.br\/retro\/wp-json\/wp\/v2\/users\/2"}],"replies":[{"embeddable":true,"href":"https:\/\/www.vigilanterodoviario.com.br\/retro\/wp-json\/wp\/v2\/comments?post=254"}],"version-history":[{"count":0,"href":"https:\/\/www.vigilanterodoviario.com.br\/retro\/wp-json\/wp\/v2\/pages\/254\/revisions"}],"wp:attachment":[{"href":"https:\/\/www.vigilanterodoviario.com.br\/retro\/wp-json\/wp\/v2\/media?parent=254"}],"curies":[{"name":"wp","href":"https:\/\/api.w.org\/{rel}","templated":true}]}}