{"id":157,"date":"2015-11-13T11:56:51","date_gmt":"2015-11-13T11:56:51","guid":{"rendered":"http:\/\/www.vigilanterodoviario.com.br\/serie\/?page_id=157"},"modified":"2016-07-20T15:05:03","modified_gmt":"2016-07-20T15:05:03","slug":"equipe-e-elenco","status":"publish","type":"page","link":"https:\/\/www.vigilanterodoviario.com.br\/retro\/estreia-antonio-fonzar\/equipe-e-elenco\/","title":{"rendered":"Equipe e Elenco"},"content":{"rendered":"<p><a href=\"http:\/\/www.vigilanterodoviario.com.br\/vigilanterodoviario1978\/ary_fonzar5.jpg\"><img decoding=\"async\" src=\"http:\/\/www.vigilanterodoviario.com.br\/vigilanterodoviario1978\/ary_fonzar5.jpg\" width=\"300\" class=\"alignright\" \/><\/a>O VIGILANTE RODOVI\u00c1RIO (1978)<\/p>\n<p>Uma realiza\u00e7\u00e3o de  PROCITEL &#8211; Produ\u00e7\u00f5es Cinema Televis\u00e3o Ltda.<\/p>\n<p>Idealiza\u00e7\u00e3o e Cria\u00e7\u00e3o:  Ary Fernandes<\/p>\n<p>Compositor da Can\u00e7\u00e3o Tema &#8220;O Vigilante Rodovi\u00e1rio&#8221;:  Ary Fernandes<\/p>\n<p>Dire\u00e7\u00e3o e Produ\u00e7\u00e3o:     Ary Fernandes<\/p>\n<p>Argumento e Roteiro:  Ary Fernandes<\/p>\n<p>                                        Waldir Kopeski<\/p>\n<p>Produtor Executivo:     Sergio R. Corr\u00eaa<\/p>\n<p>Gerente de Produ\u00e7\u00e3o: Iragildo Mariano<\/p>\n<p>Ass. de Dire\u00e7\u00e3o:           T\u00e2nia Lamarca<\/p>\n<p>1o. Ass. de Produ\u00e7\u00e3o:  Fernando Barreiros<\/p>\n<p>2o. Ass. de Produ\u00e7\u00e3o:  Jorge Sampaio<\/p>\n<p>Secr. de Produ\u00e7\u00e3o:       Walter Portella<\/p>\n<p>1o. Ass. de C\u00e2mera:     Gyula Kolosvari<\/p>\n<p>2o. Ass. de C\u00e2mera:     Luiz de Oliveira<\/p>\n<p>Dir. de Fotografia:        Antonio Meliande<\/p>\n<p>Fotografo de Still:         Hercules Barbosa<\/p>\n<p>Chefe Eletrecista (sic): Waldomiro Reis<\/p>\n<p>Eletrecista (sic):            Rafael Bastos<\/p>\n<p>Continuista:                    Magn\u00f3lia M. Araujo<\/p>\n<p>T\u00e9cnico:                          Dimitri<\/p>\n<p>T\u00e9cnico:                          J\u00falio Cabalar<\/p>\n<p>Montagem:                     Gilberto Wagner<\/p>\n<p>M\u00fasica:                            Camargo Silveira<\/p>\n<p>Reg\u00eancia:                       Rubens Leoneli<\/p>\n<p>Som:                                Odil Fonobrasil<\/p>\n<p>C\u00f4r:                                 Laborat\u00f3rio Revela<\/p>\n<p>Direitos Autorais Reservados da s\u00e9rie e da can\u00e7\u00e3o Tema:  Ary Fernandes<\/p>\n<p>Propriedade da marca registrada : PROCITEL Produ\u00e7\u00e3o Cine Televis\u00e3o Ltda<\/p>\n<p><a href=\"http:\/\/www.vigilanterodoviario.com.br\/vigilanterodoviario1978\/ary_fonzar1.jpg\"><img loading=\"lazy\" decoding=\"async\" src=\"http:\/\/www.vigilanterodoviario.com.br\/vigilanterodoviario1978\/ary_fonzar1.jpg\" width=\"571\" height=\"432\" class=\"aligncenter\" \/><\/a><\/p>\n<p>Elenco:<\/p>\n<p>Antonio Fonzar      (Vigilante Carlos)<\/p>\n<p>Lobo, Dom e Ekel    (C\u00e3o Lobo)<\/p>\n<p>Jonathas Batista    (Tuca)<\/p>\n<p>Nestor Lima              (Caipira)<\/p>\n<p>Ruy Leal                    (Bandido)<\/p>\n<p>Eleu Salvador           (Bandido)<\/p>\n<p>Jo\u00e3o Paulo                (Bandido)<\/p>\n<p>Toni Cardi                 (Bandido)<\/p>\n<p>Marthus Mathias      (Bandido)<\/p>\n<p>Sata                           (Bandido)<\/p>\n<p>Benedito Luppi         (Vigilante)<\/p>\n<p>Orlando Magalh\u00e3es  (Policial)<\/p>\n<p>Antonio Andrade<\/p>\n<p>Jo\u00e3o Angelo<\/p>\n<p>Leda Figuer\u00f3<\/p>\n<p>Iragildo Mariano<\/p>\n<p>Edna Salton<\/p>\n<p>Ibanez Locatelli<\/p>\n<p>Antonio Bonfim<\/p>\n<p>Altair Augusto<\/p>\n<p>Antonio Rod<\/p>\n<p>Francisco Pedro<\/p>\n<p>Paulo Otto<\/p>\n","protected":false},"excerpt":{"rendered":"<p>O VIGILANTE RODOVI\u00c1RIO (1978) Uma realiza\u00e7\u00e3o de PROCITEL &#8211; Produ\u00e7\u00f5es Cinema Televis\u00e3o Ltda. Idealiza\u00e7\u00e3o e Cria\u00e7\u00e3o: Ary Fernandes Compositor da Can\u00e7\u00e3o Tema &#8220;O Vigilante Rodovi\u00e1rio&#8221;: Ary Fernandes Dire\u00e7\u00e3o e Produ\u00e7\u00e3o: Ary Fernandes Argumento e Roteiro: Ary Fernandes Waldir Kopeski Produtor Executivo: Sergio R. Corr\u00eaa Gerente de Produ\u00e7\u00e3o: Iragildo Mariano Ass. de Dire\u00e7\u00e3o: T\u00e2nia Lamarca 1o. &#8230; <a title=\"Equipe e Elenco\" class=\"read-more\" href=\"https:\/\/www.vigilanterodoviario.com.br\/retro\/estreia-antonio-fonzar\/equipe-e-elenco\/\">Acesse aqui<span class=\"screen-reader-text\">Equipe e Elenco<\/span><\/a><\/p>\n","protected":false},"author":2,"featured_media":0,"parent":140,"menu_order":0,"comment_status":"closed","ping_status":"open","template":"","meta":{"footnotes":""},"class_list":["post-157","page","type-page","status-publish"],"_links":{"self":[{"href":"https:\/\/www.vigilanterodoviario.com.br\/retro\/wp-json\/wp\/v2\/pages\/157","targetHints":{"allow":["GET"]}}],"collection":[{"href":"https:\/\/www.vigilanterodoviario.com.br\/retro\/wp-json\/wp\/v2\/pages"}],"about":[{"href":"https:\/\/www.vigilanterodoviario.com.br\/retro\/wp-json\/wp\/v2\/types\/page"}],"author":[{"embeddable":true,"href":"https:\/\/www.vigilanterodoviario.com.br\/retro\/wp-json\/wp\/v2\/users\/2"}],"replies":[{"embeddable":true,"href":"https:\/\/www.vigilanterodoviario.com.br\/retro\/wp-json\/wp\/v2\/comments?post=157"}],"version-history":[{"count":0,"href":"https:\/\/www.vigilanterodoviario.com.br\/retro\/wp-json\/wp\/v2\/pages\/157\/revisions"}],"up":[{"embeddable":true,"href":"https:\/\/www.vigilanterodoviario.com.br\/retro\/wp-json\/wp\/v2\/pages\/140"}],"wp:attachment":[{"href":"https:\/\/www.vigilanterodoviario.com.br\/retro\/wp-json\/wp\/v2\/media?parent=157"}],"curies":[{"name":"wp","href":"https:\/\/api.w.org\/{rel}","templated":true}]}}