{"id":140,"date":"2015-11-12T20:56:53","date_gmt":"2015-11-12T20:56:53","guid":{"rendered":"http:\/\/www.vigilanterodoviario.com.br\/serie\/?page_id=140"},"modified":"2016-07-20T18:39:49","modified_gmt":"2016-07-20T18:39:49","slug":"estreia-antonio-fonzar","status":"publish","type":"page","link":"https:\/\/www.vigilanterodoviario.com.br\/retro\/estreia-antonio-fonzar\/","title":{"rendered":"Estreia Antonio Fonzar"},"content":{"rendered":"<p>A Estreia do Filme do Segundo &#8220;O Vigilante Rodovi\u00e1rio&#8221;<\/p>\n<p>O filme at\u00e9 ent\u00e3o in\u00e9dito (da\u00ed o t\u00edtulo da reportagem abaixo) de &#8216;O Vigilante Rodovi\u00e1rio 1978&#8217;, finalmente estreou no CANAL BRASIL, dia 26\/07\/2010 \u00e0s 20:30hs (NET 66, TVA 39 e SKY 66). Dessa forma, saciamos a curiosidade dos f\u00e3s que sempre nos perguntavam sobre esta obra da saga do &#8220;O Vigilante Rodovi\u00e1rio&#8221;, de Ary Fernandes.<\/p>\n<p><a href=\"http:\/\/www.vigilanterodoviario.com.br\/serie\/wp-content\/uploads\/2015\/11\/antoniofonzar.jpg\"><img decoding=\"async\" src=\"http:\/\/www.vigilanterodoviario.com.br\/serie\/wp-content\/uploads\/2015\/11\/antoniofonzar.jpg\" alt=\"Vigilante Rodovi\u00e1rio 2\" width=\"550\" class=\"aligncenter size-full wp-image-141\" \/><\/a><\/p>\n<p><a href=\"http:\/\/www.vigilanterodoviario.com.br\/vigilanterodoviario1978\/ary_fonzar2.jpg\"><img loading=\"lazy\" decoding=\"async\" src=\"http:\/\/www.vigilanterodoviario.com.br\/vigilanterodoviario1978\/ary_fonzar2.jpg\" width=\"552\" height=\"419\" class=\"aligncenter\" \/><\/a><\/p>\n","protected":false},"excerpt":{"rendered":"<p>A Estreia do Filme do Segundo &#8220;O Vigilante Rodovi\u00e1rio&#8221; O filme at\u00e9 ent\u00e3o in\u00e9dito (da\u00ed o t\u00edtulo da reportagem abaixo) de &#8216;O Vigilante Rodovi\u00e1rio 1978&#8217;, finalmente estreou no CANAL BRASIL, dia 26\/07\/2010 \u00e0s 20:30hs (NET 66, TVA 39 e SKY 66). Dessa forma, saciamos a curiosidade dos f\u00e3s que sempre nos perguntavam sobre esta obra &#8230; <a title=\"Estreia Antonio Fonzar\" class=\"read-more\" href=\"https:\/\/www.vigilanterodoviario.com.br\/retro\/estreia-antonio-fonzar\/\">Acesse aqui<span class=\"screen-reader-text\">Estreia Antonio Fonzar<\/span><\/a><\/p>\n","protected":false},"author":2,"featured_media":0,"parent":0,"menu_order":0,"comment_status":"closed","ping_status":"open","template":"","meta":{"footnotes":""},"class_list":["post-140","page","type-page","status-publish"],"_links":{"self":[{"href":"https:\/\/www.vigilanterodoviario.com.br\/retro\/wp-json\/wp\/v2\/pages\/140","targetHints":{"allow":["GET"]}}],"collection":[{"href":"https:\/\/www.vigilanterodoviario.com.br\/retro\/wp-json\/wp\/v2\/pages"}],"about":[{"href":"https:\/\/www.vigilanterodoviario.com.br\/retro\/wp-json\/wp\/v2\/types\/page"}],"author":[{"embeddable":true,"href":"https:\/\/www.vigilanterodoviario.com.br\/retro\/wp-json\/wp\/v2\/users\/2"}],"replies":[{"embeddable":true,"href":"https:\/\/www.vigilanterodoviario.com.br\/retro\/wp-json\/wp\/v2\/comments?post=140"}],"version-history":[{"count":0,"href":"https:\/\/www.vigilanterodoviario.com.br\/retro\/wp-json\/wp\/v2\/pages\/140\/revisions"}],"wp:attachment":[{"href":"https:\/\/www.vigilanterodoviario.com.br\/retro\/wp-json\/wp\/v2\/media?parent=140"}],"curies":[{"name":"wp","href":"https:\/\/api.w.org\/{rel}","templated":true}]}}