{"id":122,"date":"2015-11-12T19:17:41","date_gmt":"2015-11-12T19:17:41","guid":{"rendered":"http:\/\/www.vigilanterodoviario.com.br\/serie\/?page_id=122"},"modified":"2016-10-03T21:58:52","modified_gmt":"2016-10-03T21:58:52","slug":"letra-da-cancao","status":"publish","type":"page","link":"https:\/\/www.vigilanterodoviario.com.br\/retro\/letra-da-cancao\/","title":{"rendered":"Letra da Can\u00e7\u00e3o"},"content":{"rendered":"<p>Letra da Can\u00e7\u00e3o &#8220;VIGILANTE RODOVI\u00c1RIO\u00ae<\/p>\n<p>VIGILANTE RODOVI\u00c1RIO!!!<img loading=\"lazy\" decoding=\"async\" src=\"http:\/\/www.vigilanterodoviario.com.br\/lobocarlimhos.jpg\" width=\"240\" height=\"320\" class=\"alignright\" \/><\/p>\n<p><strong>De noite ou de dia,<br \/>\nfirme  no  volante,<br \/>\nvai pela rodovia,<br \/>\nbravo Vigilante!<\/p>\n<p>Guardando toda estrada,<br \/>\nforte e confiante,<br \/>\n\u00e9 o nosso camarada,<br \/>\nbravo Vigilante!<\/p>\n<p>O seu olhar amigo,<br \/>\n\u00e9 um farol que avisa do perigo,<br \/>\naudaz e temer\u00e1rio,<br \/>\npr\u00e1 agir a todo instante,<br \/>\nda estrada \u00e9 o Vigilante,<br \/>\nVIGILANTE RODOVI\u00c1RIO!!!   <\/strong>             <\/p>\n<p>Autor:   Ary Fernandes<\/p>\n","protected":false},"excerpt":{"rendered":"<p>Letra da Can\u00e7\u00e3o &#8220;VIGILANTE RODOVI\u00c1RIO\u00ae VIGILANTE RODOVI\u00c1RIO!!! De noite ou de dia, firme no volante, vai pela rodovia, bravo Vigilante! Guardando toda estrada, forte e confiante, \u00e9 o nosso camarada, bravo Vigilante! O seu olhar amigo, \u00e9 um farol que avisa do perigo, audaz e temer\u00e1rio, pr\u00e1 agir a todo instante, da estrada \u00e9 o &#8230; <a title=\"Letra da Can\u00e7\u00e3o\" class=\"read-more\" href=\"https:\/\/www.vigilanterodoviario.com.br\/retro\/letra-da-cancao\/\">Acesse aqui<span class=\"screen-reader-text\">Letra da Can\u00e7\u00e3o<\/span><\/a><\/p>\n","protected":false},"author":2,"featured_media":0,"parent":0,"menu_order":0,"comment_status":"closed","ping_status":"open","template":"page-template-full.php","meta":{"footnotes":""},"class_list":["post-122","page","type-page","status-publish"],"_links":{"self":[{"href":"https:\/\/www.vigilanterodoviario.com.br\/retro\/wp-json\/wp\/v2\/pages\/122","targetHints":{"allow":["GET"]}}],"collection":[{"href":"https:\/\/www.vigilanterodoviario.com.br\/retro\/wp-json\/wp\/v2\/pages"}],"about":[{"href":"https:\/\/www.vigilanterodoviario.com.br\/retro\/wp-json\/wp\/v2\/types\/page"}],"author":[{"embeddable":true,"href":"https:\/\/www.vigilanterodoviario.com.br\/retro\/wp-json\/wp\/v2\/users\/2"}],"replies":[{"embeddable":true,"href":"https:\/\/www.vigilanterodoviario.com.br\/retro\/wp-json\/wp\/v2\/comments?post=122"}],"version-history":[{"count":0,"href":"https:\/\/www.vigilanterodoviario.com.br\/retro\/wp-json\/wp\/v2\/pages\/122\/revisions"}],"wp:attachment":[{"href":"https:\/\/www.vigilanterodoviario.com.br\/retro\/wp-json\/wp\/v2\/media?parent=122"}],"curies":[{"name":"wp","href":"https:\/\/api.w.org\/{rel}","templated":true}]}}