{"id":12,"date":"2015-09-21T19:20:37","date_gmt":"2015-09-21T19:20:37","guid":{"rendered":"http:\/\/www.vigilanterodoviario.com.br\/serie\/?page_id=5"},"modified":"2017-02-15T19:24:42","modified_gmt":"2017-02-15T19:24:42","slug":"a-serie","status":"publish","type":"page","link":"https:\/\/www.vigilanterodoviario.com.br\/retro\/a-serie\/","title":{"rendered":"A S\u00e9rie"},"content":{"rendered":"<p>O pioneiro seriado brasileiro O Vigilante Rodovi\u00e1rio foi criado, dirigido pelo cineasta Ary Fernandes para TV brasileira exibido na d\u00e9cada de 1960 pela Tupi. Ary Fernandes tamb\u00e9m \u00e9 o compositor da can\u00e7\u00e3o tema de abertura da s\u00e9rie, intitulada Can\u00e7\u00e3o do Vigilante Rodovi\u00e1rio.<\/p>\n<p>Desde crian\u00e7a, Fernandes sentia falta de um her\u00f3i 100% brasileiro. A cria\u00e7\u00e3o da s\u00e9rie foi a realiza\u00e7\u00e3o deste antigo sonho. A escolha do tema foi a admira\u00e7\u00e3o que ele pr\u00f3prio nutria pela Pol\u00edcia Rodovi\u00e1ria e pela simpatia que a popula\u00e7\u00e3o sentia por este \u00f3rg\u00e3o.<\/p>\n<p>Foi ao ar pela primeira vez em 3 de janeiro de 1962, na Tupi Canal 4 numa (4\u00aa) quarta-feira, \u00e0s 20h05 ap\u00f3s o telejornal Rep\u00f3rter Esso, e patrocinado pela Nestl\u00e9 do Brasil.<\/p>\n<p>Em 1967, foi novamente reexibido pela Tupi. Durante a d\u00e9cada de 1970 a s\u00e9rie foi reexibida pela Globo. At\u00e9 ent\u00e3o, a Rede Globo (TV aberta) era a \u00fanica emissora que havia reprisado a s\u00e9rie al\u00e9m da Tupi.<\/p>\n<p>Foi o primeiro seriado filmado em pel\u00edcula de cinema no Brasil. No total foram 38 epis\u00f3dios, nos quais os personagens Inspetor Carlos, interpretado por Carlos Miranda, e o c\u00e3o Lobo, lutavam contra o crime, a bordo de uma motocicletaHarley-Davidson 1952 ou de um Simca Chambord 1959, na altura do km 38 da Rodovia Anhanguera onde a maior parte dos epis\u00f3dios foi filmado devido ao clima que se apresenta ensolarado grande parte do ano, fator fundamental para as filmagens externas.<\/p>\n<p>O primeiro epis\u00f3dio da s\u00e9rie foi O Diamante Gr\u00e3o Mongol, sobre ladr\u00f5es internacionais que entraram no pa\u00eds pelo porto de Santos. Devido ao pouco tempo dispon\u00edvel entre as filmagens dos epis\u00f3dios, foi necess\u00e1rio que o personagem do Vigilante fosse dublado. Para esta tarefa foi contratado um r\u00e1dioator da R\u00e1dio S\u00e3o Paulo. A s\u00e9rie recebeu os mais expressivos trof\u00e9us entre ele: Trof\u00e9u Roquete Pinto, Sete Dias na TV e Trof\u00e9u Imprensa.<\/p>\n<p>Em 1978, o cineasta Ary Fernandes e a PROCITEL &#8211; Produ\u00e7\u00f5es Cine Televis\u00e3o Ltda. como a produtora do seu filme piloto e outros cineastas, foram escolhidos atrav\u00e9s de um projeto da Embrafilme que visava incentivar a produ\u00e7\u00e3o nacional de filmes alta qualidade para serem exibidos na TV. Com o filme piloto para uma nova s\u00e9rie do O Vigilante Rodovi\u00e1rio pronto, ele seria encaminhado a censura federal, e consequentemente, seria apresentado as emissoras de TV para que fosse dado a continuidade. O ator escolhido para viver o Vigilante Carlos, foi o gal\u00e3 Ant\u00f4nio Fonzar. Para viver o c\u00e3o Lobo, foram utilizados 3 c\u00e3es do canil da Policia Militar do estado de S\u00e3o Paulo.<\/p>\n<p>Infelizmente, por problemas enfrentados pela Embrafilme, este projeto que traria novamente O Vigilante Rodovi\u00e1rio para televis\u00e3o, n\u00e3o pode ser concluido, ficando restrito a somente um filme. Por este motivo, este filme nunca foi exibido no cinema e o p\u00fablico nunca teve a oportunidade de assit\u00ed-lo, at\u00e9 o Canal Brasil t\u00ea-lo exibido mais recentemente.<\/p>\n<p>No ano de 2008, Ary Fernandes\/PROCITEL e o Canal Brasil\/Globosat, selaram parceria e trouxeram novamente para TV as aventuras deste primeiro her\u00f3i brasileiro. Dos 38 epis\u00f3dios originais, 1 foi totalmente deteriorado (perdido) e os outros 2 tiveram problemas e n\u00e3o puderam ser remasterizados e telecinados. Para esta nova temporada, um total de 35 epis\u00f3dios foram relan\u00e7ados a partir de 9 de mar\u00e7o de 2009 pelo Canal Brasil, todas \u00e0s segundas \u00e0s 20h30, com reapresenta\u00e7\u00e3o ter\u00e7as \u00e0s 15h30 e domingos \u00e0s 11h. Atualmente a s\u00e9rie passa no Canal Brasil de segunda \u00e0 sexta-feira, \u00e0s 13h.<\/p>\n<p>Lista de epis\u00f3dios (clique para assistir):<br \/>\n1.\t<a href=\"http:\/\/www.vigilanterodoviario.com.br\/retro\/historia-do-lobo\/\">A Hist\u00f3ria do Lobo<\/a><br \/>\n2.\tOs Cinco Valentes (exibido somente na 1\u00aa,2\u00aa e 3\u00aa temporada)<br \/>\n3.\tO Recruta<br \/>\n4.\tBola de Meia<br \/>\n5.\tO Ventr\u00edloquo<br \/>\n6.\tExtors\u00e3o<br \/>\n7.\tJogo Decisivo<br \/>\n8.\tP\u00e2nico no Ringue<br \/>\n9.\tZuni, o Potrinho<br \/>\n10.\tA Orqu\u00eddea Glacial (exibido somente na 1\u00aa,2\u00aa e 3\u00aa temporada)<br \/>\n11.\tRem\u00e9dios Falsificados<br \/>\n12.\tOs Romeiros<br \/>\n13.\tA Rep\u00f3rter<br \/>\n14.\tDiamante Gran Mongol<br \/>\n15.\tO Fugitivo<br \/>\n16.\tAventura em Ouro Preto<br \/>\n17.\tChantagem<br \/>\n18.\tO Homem do Realejo<br \/>\n19.\t<a href=\"http:\/\/www.vigilanterodoviario.com.br\/retro\/eleicao\/\">A Elei\u00e7\u00e3o<\/a><br \/>\n20.\tA Pedreira<br \/>\n21.\tO Pagador (exibido somente na 1\u00aa,2\u00aa e 3\u00aa temporada)<br \/>\n22.\tO S\u00f3sia<br \/>\n23.\tAventuras do Tuca<br \/>\n24.\tO Invento<br \/>\n25.\tTerras de Ningu\u00e9m<br \/>\n26.\tO Rapto do Juca<br \/>\n27.\tAventura em Vila Velha<br \/>\n28.\tPombo-Correio<br \/>\n29.\tLadr\u00f5es de Autom\u00f3veis<br \/>\n30.\tO Suspeito<br \/>\n31.\tO Garimpo<br \/>\n32.\tA F\u00f3rmula de G\u00e1s<br \/>\n33.\tCaf\u00e9 Marcado<br \/>\n34.\tO Assalto<br \/>\n35.\tO M\u00e1gico<br \/>\n36.\tMapa Hist\u00f3rico<br \/>\n37.\t<a href=\"http:\/\/www.vigilanterodoviario.com.br\/retro\/o-mordomo\/\">O Mordomo<\/a><br \/>\n38.\tMist\u00e9rio do Embu<\/p>\n","protected":false},"excerpt":{"rendered":"<p>O pioneiro seriado brasileiro O Vigilante Rodovi\u00e1rio foi criado, dirigido pelo cineasta Ary Fernandes para TV brasileira exibido na d\u00e9cada de 1960 pela Tupi. Ary Fernandes tamb\u00e9m \u00e9 o compositor da can\u00e7\u00e3o tema de abertura da s\u00e9rie, intitulada Can\u00e7\u00e3o do Vigilante Rodovi\u00e1rio. Desde crian\u00e7a, Fernandes sentia falta de um her\u00f3i 100% brasileiro. A cria\u00e7\u00e3o da &#8230; <a title=\"A S\u00e9rie\" class=\"read-more\" href=\"https:\/\/www.vigilanterodoviario.com.br\/retro\/a-serie\/\">Acesse aqui<span class=\"screen-reader-text\">A S\u00e9rie<\/span><\/a><\/p>\n","protected":false},"author":2,"featured_media":0,"parent":0,"menu_order":0,"comment_status":"closed","ping_status":"open","template":"","meta":{"footnotes":""},"class_list":["post-12","page","type-page","status-publish"],"_links":{"self":[{"href":"https:\/\/www.vigilanterodoviario.com.br\/retro\/wp-json\/wp\/v2\/pages\/12","targetHints":{"allow":["GET"]}}],"collection":[{"href":"https:\/\/www.vigilanterodoviario.com.br\/retro\/wp-json\/wp\/v2\/pages"}],"about":[{"href":"https:\/\/www.vigilanterodoviario.com.br\/retro\/wp-json\/wp\/v2\/types\/page"}],"author":[{"embeddable":true,"href":"https:\/\/www.vigilanterodoviario.com.br\/retro\/wp-json\/wp\/v2\/users\/2"}],"replies":[{"embeddable":true,"href":"https:\/\/www.vigilanterodoviario.com.br\/retro\/wp-json\/wp\/v2\/comments?post=12"}],"version-history":[{"count":0,"href":"https:\/\/www.vigilanterodoviario.com.br\/retro\/wp-json\/wp\/v2\/pages\/12\/revisions"}],"wp:attachment":[{"href":"https:\/\/www.vigilanterodoviario.com.br\/retro\/wp-json\/wp\/v2\/media?parent=12"}],"curies":[{"name":"wp","href":"https:\/\/api.w.org\/{rel}","templated":true}]}}