{"id":101,"date":"2015-11-12T18:53:22","date_gmt":"2015-11-12T18:53:22","guid":{"rendered":"http:\/\/www.vigilanterodoviario.com.br\/serie\/?page_id=101"},"modified":"2015-11-12T18:53:22","modified_gmt":"2015-11-12T18:53:22","slug":"episodios","status":"publish","type":"page","link":"https:\/\/www.vigilanterodoviario.com.br\/retro\/episodios\/","title":{"rendered":"Epis\u00f3dios"},"content":{"rendered":"<p>Rela\u00e7\u00e3o dos 38 epis\u00f3dios do VIGILANTE RODOVI\u00c1RIO\u00ae:<\/p>\n<p>1 &#8211; Os Cinco Valentes<br \/>\n2 &#8211; O Recruta<br \/>\n3 &#8211; Bola de Meia<br \/>\n4 &#8211; O Ventr\u00edloquo<br \/>\n5 &#8211; Extors\u00e3o<br \/>\n6 &#8211; Jogo Decisivo<br \/>\n7 &#8211; P\u00e2nico no Ring<br \/>\n8 &#8211; Zuni, o Potrinho<br \/>\n9 &#8211; Rem\u00e9dios Falsificados<br \/>\n10 &#8211; Os Romeiros<br \/>\n11 &#8211; A Rep\u00f3rter<br \/>\n12 &#8211; Diamante Gr\u00e3 Mongol<br \/>\n13 &#8211; O Fugitivo<br \/>\n14 &#8211; Aventura em Ouro Preto<br \/>\n15 &#8211; Chantagem<br \/>\n16 &#8211; O Homem do Realejo<br \/>\n17 &#8211; A Elei\u00e7\u00e3o<br \/>\n18 &#8211; A Pedreira<br \/>\n19 &#8211; O Pagador<br \/>\n20 &#8211; O S\u00f3sia<br \/>\n21 &#8211; A Aventura do Tuca<br \/>\n22 &#8211; O Invento<br \/>\n23 &#8211; Terras de Ningu\u00e9m<br \/>\n24 &#8211; Rapto do Juca<br \/>\n25 &#8211; Aventura em Vila Velha<br \/>\n26 &#8211; Pombo Correio<br \/>\n27 &#8211; Ladr\u00f5es de Autom\u00f3veis<br \/>\n28 &#8211; O Suspeito<br \/>\n29 &#8211; O Garimpo<br \/>\n30 &#8211; A F\u00f3rmula de G\u00e1s<br \/>\n31 &#8211; Caf\u00e9 Marcado<br \/>\n32 &#8211; O Assalto<br \/>\n33 &#8211; O M\u00e1gico<br \/>\n34 &#8211; Mapa Hist\u00f3rico<br \/>\n35 &#8211; O Mordomo<br \/>\n36 &#8211; A Hist\u00f3ria do Lobo<br \/>\n37 &#8211; Mist\u00e9rio do Emb\u00fa<br \/>\n38 &#8211; A \u00d3rquidea Glacial<\/p>\n","protected":false},"excerpt":{"rendered":"<p>Rela\u00e7\u00e3o dos 38 epis\u00f3dios do VIGILANTE RODOVI\u00c1RIO\u00ae: 1 &#8211; Os Cinco Valentes 2 &#8211; O Recruta 3 &#8211; Bola de Meia 4 &#8211; O Ventr\u00edloquo 5 &#8211; Extors\u00e3o 6 &#8211; Jogo Decisivo 7 &#8211; P\u00e2nico no Ring 8 &#8211; Zuni, o Potrinho 9 &#8211; Rem\u00e9dios Falsificados 10 &#8211; Os Romeiros 11 &#8211; A Rep\u00f3rter 12 &#8230; <a title=\"Epis\u00f3dios\" class=\"read-more\" href=\"https:\/\/www.vigilanterodoviario.com.br\/retro\/episodios\/\">Acesse aqui<span class=\"screen-reader-text\">Epis\u00f3dios<\/span><\/a><\/p>\n","protected":false},"author":2,"featured_media":0,"parent":0,"menu_order":0,"comment_status":"closed","ping_status":"open","template":"","meta":{"footnotes":""},"class_list":["post-101","page","type-page","status-publish"],"_links":{"self":[{"href":"https:\/\/www.vigilanterodoviario.com.br\/retro\/wp-json\/wp\/v2\/pages\/101","targetHints":{"allow":["GET"]}}],"collection":[{"href":"https:\/\/www.vigilanterodoviario.com.br\/retro\/wp-json\/wp\/v2\/pages"}],"about":[{"href":"https:\/\/www.vigilanterodoviario.com.br\/retro\/wp-json\/wp\/v2\/types\/page"}],"author":[{"embeddable":true,"href":"https:\/\/www.vigilanterodoviario.com.br\/retro\/wp-json\/wp\/v2\/users\/2"}],"replies":[{"embeddable":true,"href":"https:\/\/www.vigilanterodoviario.com.br\/retro\/wp-json\/wp\/v2\/comments?post=101"}],"version-history":[{"count":0,"href":"https:\/\/www.vigilanterodoviario.com.br\/retro\/wp-json\/wp\/v2\/pages\/101\/revisions"}],"wp:attachment":[{"href":"https:\/\/www.vigilanterodoviario.com.br\/retro\/wp-json\/wp\/v2\/media?parent=101"}],"curies":[{"name":"wp","href":"https:\/\/api.w.org\/{rel}","templated":true}]}}